{"id":9069,"date":"2023-05-01T13:53:17","date_gmt":"2023-05-01T12:53:17","guid":{"rendered":"https:\/\/www.sovak.ch\/kunstwerk-des-monats-copy\/"},"modified":"2023-12-07T15:25:21","modified_gmt":"2023-12-07T14:25:21","slug":"artwork-of-the-month-may-2023","status":"publish","type":"page","link":"https:\/\/www.sovak.ch\/cs\/artwork-of-the-month-may-2023\/","title":{"rendered":"Les Grandes Baigneuses (C\u00e9zanne)"},"content":{"rendered":"<div data-elementor-type=\"wp-page\" data-elementor-id=\"9069\" class=\"elementor elementor-9069\" data-elementor-post-type=\"page\">\n\t\t\t\t\t\t<section class=\"elementor-section elementor-top-section elementor-element elementor-element-24828f19 elementor-section-boxed elementor-section-height-default elementor-section-height-default elementor-invisible\" data-id=\"24828f19\" data-element_type=\"section\" data-e-type=\"section\" data-settings=\"{&quot;animation&quot;:&quot;fadeIn&quot;,&quot;animation_delay&quot;:200}\">\n\t\t\t\t\t\t<div class=\"elementor-container elementor-column-gap-extended\">\n\t\t\t\t\t<div class=\"elementor-column elementor-col-100 elementor-top-column elementor-element elementor-element-a91cb48 sc_inner_width_none sc_content_align_inherit sc_layouts_column_icons_position_left\" data-id=\"a91cb48\" data-element_type=\"column\" data-e-type=\"column\">\n\t\t\t<div class=\"elementor-widget-wrap elementor-element-populated\">\n\t\t\t\t\t\t<div class=\"elementor-element elementor-element-17c30193 animation_type_block sc_fly_static elementor-widget elementor-widget-trx_sc_anchor\" data-id=\"17c30193\" data-element_type=\"widget\" data-e-type=\"widget\" data-widget_type=\"trx_sc_anchor.default\">\n\t\t\t\t<div class=\"elementor-widget-container\">\n\t\t\t\t\t<a id=\"sc_anchor_1\"\n\ttitle=\"\"  class=\"sc_anchor sc_anchor_default\" data-vc-icon=\"\" data-url=\"\"><\/a>\t\t\t\t<\/div>\n\t\t\t\t<\/div>\n\t\t\t\t<div class=\"elementor-element elementor-element-54034dfa animation_type_block sc_fly_static elementor-widget elementor-widget-heading\" data-id=\"54034dfa\" data-element_type=\"widget\" data-e-type=\"widget\" data-widget_type=\"heading.default\">\n\t\t\t\t<div class=\"elementor-widget-container\">\n\t\t\t\t\t<h1 class=\"elementor-heading-title elementor-size-default\">Les Grandes Baigneuses (C\u00e9zanne)<\/h1>\t\t\t\t<\/div>\n\t\t\t\t<\/div>\n\t\t\t\t<div class=\"elementor-element elementor-element-1c2659d9 elementor-widget-divider--view-line animation_type_block sc_fly_static elementor-widget elementor-widget-divider\" data-id=\"1c2659d9\" data-element_type=\"widget\" data-e-type=\"widget\" data-widget_type=\"divider.default\">\n\t\t\t\t<div class=\"elementor-widget-container\">\n\t\t\t\t\t\t\t<div class=\"elementor-divider\">\n\t\t\t<span class=\"elementor-divider-separator\">\n\t\t\t\t\t\t<\/span>\n\t\t<\/div>\n\t\t\t\t\t\t<\/div>\n\t\t\t\t<\/div>\n\t\t\t\t\t<\/div>\n\t\t<\/div>\n\t\t\t\t\t<\/div>\n\t\t<\/section>\n\t\t\t\t<section class=\"elementor-section elementor-top-section elementor-element elementor-element-6c612ae1 elementor-section-boxed elementor-section-height-default elementor-section-height-default elementor-invisible\" data-id=\"6c612ae1\" data-element_type=\"section\" data-e-type=\"section\" data-settings=\"{&quot;animation&quot;:&quot;fadeIn&quot;,&quot;animation_delay&quot;:400,&quot;background_background&quot;:&quot;classic&quot;}\">\n\t\t\t\t\t\t<div class=\"elementor-container elementor-column-gap-extended\">\n\t\t\t\t\t<div class=\"elementor-column elementor-col-50 elementor-top-column elementor-element elementor-element-52826a59 sc_inner_width_none sc_content_align_inherit sc_layouts_column_icons_position_left\" data-id=\"52826a59\" data-element_type=\"column\" data-e-type=\"column\">\n\t\t\t<div class=\"elementor-widget-wrap elementor-element-populated\">\n\t\t\t\t\t\t<div class=\"elementor-element elementor-element-7015c4d animation_type_block sc_fly_static elementor-widget elementor-widget-image\" data-id=\"7015c4d\" data-element_type=\"widget\" data-e-type=\"widget\" data-widget_type=\"image.default\">\n\t\t\t\t<div class=\"elementor-widget-container\">\n\t\t\t\t\t\t\t\t\t\t\t\t\t\t\t\t<a href=\"https:\/\/www.sovak.ch\/wp-content\/uploads\/2023\/01\/Cezanne-1977-Kat.-Nr.-214-e1675873588335.jpg\" data-elementor-open-lightbox=\"yes\" data-elementor-lightbox-title=\"Ce\u0301zanne, 1977, Kat. Nr. 214\" data-e-action-hash=\"#elementor-action%3Aaction%3Dlightbox%26settings%3DeyJpZCI6ODA2NywidXJsIjoiaHR0cHM6XC9cL3d3dy5zb3Zhay5jaFwvd3AtY29udGVudFwvdXBsb2Fkc1wvMjAyM1wvMDFcL0NlemFubmUtMTk3Ny1LYXQuLU5yLi0yMTQtZTE2NzU4NzM1ODgzMzUuanBnIn0%3D\">\n\t\t\t\t\t\t\t<img fetchpriority=\"high\" decoding=\"async\" width=\"930\" height=\"800\" src=\"https:\/\/www.sovak.ch\/wp-content\/uploads\/2023\/01\/Cezanne-1977-Kat.-Nr.-214-e1675873588335.jpg\" class=\"attachment-full size-full wp-image-8067\" alt=\"\" srcset=\"https:\/\/www.sovak.ch\/wp-content\/uploads\/2023\/01\/Cezanne-1977-Kat.-Nr.-214-e1675873588335.jpg 930w, https:\/\/www.sovak.ch\/wp-content\/uploads\/2023\/01\/Cezanne-1977-Kat.-Nr.-214-e1675873588335-600x516.jpg 600w, https:\/\/www.sovak.ch\/wp-content\/uploads\/2023\/01\/Cezanne-1977-Kat.-Nr.-214-e1675873588335-300x258.jpg 300w, https:\/\/www.sovak.ch\/wp-content\/uploads\/2023\/01\/Cezanne-1977-Kat.-Nr.-214-e1675873588335-768x661.jpg 768w, https:\/\/www.sovak.ch\/wp-content\/uploads\/2023\/01\/Cezanne-1977-Kat.-Nr.-214-e1675873588335-370x318.jpg 370w, https:\/\/www.sovak.ch\/wp-content\/uploads\/2023\/01\/Cezanne-1977-Kat.-Nr.-214-e1675873588335-770x662.jpg 770w\" sizes=\"(max-width: 930px) 100vw, 930px\" \/>\t\t\t\t\t\t\t\t<\/a>\n\t\t\t\t\t\t\t\t\t\t\t\t\t\t\t<\/div>\n\t\t\t\t<\/div>\n\t\t\t\t\t<\/div>\n\t\t<\/div>\n\t\t\t\t<div class=\"elementor-column elementor-col-50 elementor-top-column elementor-element elementor-element-5ac207ab sc_inner_width_none sc_content_align_inherit sc_layouts_column_icons_position_left\" data-id=\"5ac207ab\" data-element_type=\"column\" data-e-type=\"column\">\n\t\t\t<div class=\"elementor-widget-wrap elementor-element-populated\">\n\t\t\t\t\t\t<div class=\"elementor-element elementor-element-900bcc6 animation_type_block sc_fly_static elementor-widget elementor-widget-heading\" data-id=\"900bcc6\" data-element_type=\"widget\" data-e-type=\"widget\" data-widget_type=\"heading.default\">\n\t\t\t\t<div class=\"elementor-widget-container\">\n\t\t\t\t\t<h3 class=\"elementor-heading-title elementor-size-default\">Informace<\/h3>\t\t\t\t<\/div>\n\t\t\t\t<\/div>\n\t\t\t\t<div class=\"elementor-element elementor-element-74538640 animation_type_block sc_fly_static elementor-widget elementor-widget-heading\" data-id=\"74538640\" data-element_type=\"widget\" data-e-type=\"widget\" data-widget_type=\"heading.default\">\n\t\t\t\t<div class=\"elementor-widget-container\">\n\t\t\t\t\t<h4 class=\"elementor-heading-title elementor-size-default\">Rok: 1977<\/h4>\t\t\t\t<\/div>\n\t\t\t\t<\/div>\n\t\t\t\t<div class=\"elementor-element elementor-element-e04e7b3 animation_type_block sc_fly_static elementor-widget elementor-widget-heading\" data-id=\"e04e7b3\" data-element_type=\"widget\" data-e-type=\"widget\" data-widget_type=\"heading.default\">\n\t\t\t\t<div class=\"elementor-widget-container\">\n\t\t\t\t\t<h4 class=\"elementor-heading-title elementor-size-default\">Velikost: 33,8 x 38,4 cm<\/h4>\t\t\t\t<\/div>\n\t\t\t\t<\/div>\n\t\t\t\t<div class=\"elementor-element elementor-element-9a2b567 animation_type_block sc_fly_static elementor-widget elementor-widget-heading\" data-id=\"9a2b567\" data-element_type=\"widget\" data-e-type=\"widget\" data-widget_type=\"heading.default\">\n\t\t\t\t<div class=\"elementor-widget-container\">\n\t\t\t\t\t<h4 class=\"elementor-heading-title elementor-size-default\">Typ: Barevn\u00fd lept, fotogravura, akvatinta, such\u00e1 jehla; akvarel<\/h4>\t\t\t\t<\/div>\n\t\t\t\t<\/div>\n\t\t\t\t\t<\/div>\n\t\t<\/div>\n\t\t\t\t\t<\/div>\n\t\t<\/section>\n\t\t\t\t<section class=\"elementor-section elementor-top-section elementor-element elementor-element-602288d elementor-section-boxed elementor-section-height-default elementor-section-height-default elementor-invisible\" data-id=\"602288d\" data-element_type=\"section\" data-e-type=\"section\" data-settings=\"{&quot;animation&quot;:&quot;fadeIn&quot;,&quot;animation_delay&quot;:400,&quot;background_background&quot;:&quot;classic&quot;}\">\n\t\t\t\t\t\t<div class=\"elementor-container elementor-column-gap-extended\">\n\t\t\t\t\t<div class=\"elementor-column elementor-col-100 elementor-top-column elementor-element elementor-element-2d22f7b sc_inner_width_none sc_content_align_inherit sc_layouts_column_icons_position_left\" data-id=\"2d22f7b\" data-element_type=\"column\" data-e-type=\"column\">\n\t\t\t<div class=\"elementor-widget-wrap elementor-element-populated\">\n\t\t\t\t\t\t<div class=\"elementor-element elementor-element-17dbb7c animation_type_block sc_fly_static elementor-widget elementor-widget-heading\" data-id=\"17dbb7c\" data-element_type=\"widget\" data-e-type=\"widget\" data-widget_type=\"heading.default\">\n\t\t\t\t<div class=\"elementor-widget-container\">\n\t\t\t\t\t<h3 class=\"elementor-heading-title elementor-size-default\">Inspirace<\/h3>\t\t\t\t<\/div>\n\t\t\t\t<\/div>\n\t\t\t\t<div class=\"elementor-element elementor-element-b3d0a0f animation_type_block sc_fly_static elementor-widget elementor-widget-text-editor\" data-id=\"b3d0a0f\" data-element_type=\"widget\" data-e-type=\"widget\" data-widget_type=\"text-editor.default\">\n\t\t\t\t<div class=\"elementor-widget-container\">\n\t\t\t\t\t\t\t\t\t<p>Stoupaj\u00edc po schodi\u0161ti se z\u00e1bradl\u00edm po obou stran\u00e1ch do galerie, padne pohled pozorovatele p\u0159\u00edmo na velk\u00fd barevn\u00fd obraz ve zlat\u00e9m r\u00e1mu. Jde o obraz \"Les Grandes Baigneuses\" v lond\u00fdnsk\u00e9 N\u00e1rodn\u00ed galerii, kter\u00fd namaloval Paul C\u00e9zanne (1839-1906) v letech 1894-1905 - t\u00e9ma, s n\u00edm\u017e se \"otec modernismu\" pot\u00fdkal v\u00edce ne\u017e 30 let. Slavn\u00e9 d\u00edlo o rozm\u011brech 136 x 191 centimetr\u016f, j\u00edm\u017e um\u011blec vytvo\u0159il nad\u010dasov\u00fd, impulzivn\u00ed obraz, kter\u00fd b\u00fdval zav\u011b\u0161eno mezi dal\u0161\u00edmi C\u00e9zannov\u00fdmi obrazy, nap\u0159\u00edklad vedle sotva rozeznateln\u00e9ho obrazu \"La Vieille au chapelet\" (Star\u00e1 \u017eena s r\u016f\u017eencem) z let 1895\/1896 na prav\u00e9 stran\u011b.<\/p>\t\t\t\t\t\t\t\t<\/div>\n\t\t\t\t<\/div>\n\t\t\t\t\t<\/div>\n\t\t<\/div>\n\t\t\t\t\t<\/div>\n\t\t<\/section>\n\t\t\t\t<section class=\"elementor-section elementor-top-section elementor-element elementor-element-b2c15b0 elementor-section-boxed elementor-section-height-default elementor-section-height-default elementor-invisible\" data-id=\"b2c15b0\" data-element_type=\"section\" data-e-type=\"section\" data-settings=\"{&quot;animation&quot;:&quot;fadeIn&quot;,&quot;animation_delay&quot;:400,&quot;background_background&quot;:&quot;classic&quot;}\">\n\t\t\t\t\t\t<div class=\"elementor-container elementor-column-gap-extended\">\n\t\t\t\t\t<div class=\"elementor-column elementor-col-100 elementor-top-column elementor-element elementor-element-451197d sc_inner_width_none sc_content_align_inherit sc_layouts_column_icons_position_left\" data-id=\"451197d\" data-element_type=\"column\" data-e-type=\"column\">\n\t\t\t<div class=\"elementor-widget-wrap elementor-element-populated\">\n\t\t\t\t\t\t<div class=\"elementor-element elementor-element-ea4fce7 animation_type_block sc_fly_static elementor-widget elementor-widget-heading\" data-id=\"ea4fce7\" data-element_type=\"widget\" data-e-type=\"widget\" data-widget_type=\"heading.default\">\n\t\t\t\t<div class=\"elementor-widget-container\">\n\t\t\t\t\t<h3 class=\"elementor-heading-title elementor-size-default\">P\u016fvodn\u00ed d\u00edlo<\/h3>\t\t\t\t<\/div>\n\t\t\t\t<\/div>\n\t\t\t\t<div class=\"elementor-element elementor-element-672adee animation_type_block sc_fly_static elementor-widget elementor-widget-text-editor\" data-id=\"672adee\" data-element_type=\"widget\" data-e-type=\"widget\" data-widget_type=\"text-editor.default\">\n\t\t\t\t<div class=\"elementor-widget-container\">\n\t\t\t\t\t\t\t\t\t<p>P\u016fvodn\u00ed C\u00e9zannovo d\u00edlo, kter\u00e9 Pravoslav Sov\u00e1k m\u00edrn\u011b zm\u011bnil a zakomponoval do sv\u00e9 grafiky:<\/p>\t\t\t\t\t\t\t\t<\/div>\n\t\t\t\t<\/div>\n\t\t\t\t\t<\/div>\n\t\t<\/div>\n\t\t\t\t\t<\/div>\n\t\t<\/section>\n\t\t\t\t<section class=\"elementor-section elementor-top-section elementor-element elementor-element-7d3f4e2 elementor-section-boxed elementor-section-height-default elementor-section-height-default elementor-invisible\" data-id=\"7d3f4e2\" data-element_type=\"section\" data-e-type=\"section\" data-settings=\"{&quot;animation&quot;:&quot;fadeIn&quot;,&quot;animation_delay&quot;:400,&quot;background_background&quot;:&quot;classic&quot;}\">\n\t\t\t\t\t\t<div class=\"elementor-container elementor-column-gap-extended\">\n\t\t\t\t\t<div class=\"elementor-column elementor-col-100 elementor-top-column elementor-element elementor-element-4104d59 sc_inner_width_none sc_content_align_inherit sc_layouts_column_icons_position_left\" data-id=\"4104d59\" data-element_type=\"column\" data-e-type=\"column\">\n\t\t\t<div class=\"elementor-widget-wrap elementor-element-populated\">\n\t\t\t\t\t\t<div class=\"elementor-element elementor-element-ac76192 animation_type_block sc_fly_static elementor-widget elementor-widget-image\" data-id=\"ac76192\" data-element_type=\"widget\" data-e-type=\"widget\" data-widget_type=\"image.default\">\n\t\t\t\t<div class=\"elementor-widget-container\">\n\t\t\t\t\t\t\t\t\t\t\t\t\t\t\t\t<a href=\"https:\/\/www.sovak.ch\/wp-content\/uploads\/2023\/05\/cezanne-2.jpg\" data-elementor-open-lightbox=\"yes\" data-elementor-lightbox-title=\"cezanne-2\" data-e-action-hash=\"#elementor-action%3Aaction%3Dlightbox%26settings%3DeyJpZCI6OTA1OSwidXJsIjoiaHR0cHM6XC9cL3d3dy5zb3Zhay5jaFwvd3AtY29udGVudFwvdXBsb2Fkc1wvMjAyM1wvMDVcL2NlemFubmUtMi5qcGcifQ%3D%3D\">\n\t\t\t\t\t\t\t<img decoding=\"async\" width=\"800\" height=\"542\" src=\"https:\/\/www.sovak.ch\/wp-content\/uploads\/2023\/05\/cezanne-2.jpg\" class=\"attachment-full size-full wp-image-9059\" alt=\"\" srcset=\"https:\/\/www.sovak.ch\/wp-content\/uploads\/2023\/05\/cezanne-2.jpg 800w, https:\/\/www.sovak.ch\/wp-content\/uploads\/2023\/05\/cezanne-2-300x203.jpg 300w, https:\/\/www.sovak.ch\/wp-content\/uploads\/2023\/05\/cezanne-2-768x520.jpg 768w, https:\/\/www.sovak.ch\/wp-content\/uploads\/2023\/05\/cezanne-2-18x12.jpg 18w, https:\/\/www.sovak.ch\/wp-content\/uploads\/2023\/05\/cezanne-2-370x251.jpg 370w, https:\/\/www.sovak.ch\/wp-content\/uploads\/2023\/05\/cezanne-2-770x522.jpg 770w, https:\/\/www.sovak.ch\/wp-content\/uploads\/2023\/05\/cezanne-2-600x407.jpg 600w\" sizes=\"(max-width: 800px) 100vw, 800px\" \/>\t\t\t\t\t\t\t\t<\/a>\n\t\t\t\t\t\t\t\t\t\t\t\t\t\t\t<\/div>\n\t\t\t\t<\/div>\n\t\t\t\t<div class=\"elementor-element elementor-element-644ca36 animation_type_block sc_fly_static elementor-widget elementor-widget-text-editor\" data-id=\"644ca36\" data-element_type=\"widget\" data-e-type=\"widget\" data-widget_type=\"text-editor.default\">\n\t\t\t\t<div class=\"elementor-widget-container\">\n\t\t\t\t\t\t\t\t\t<p>Paul C\u00e9zanne, Les Grandes Baigneuses, 1894-1905, <a href=\"https:\/\/www.nationalgallery.org.uk\/paintings\/paul-cezanne-bathers-les-grandes-baigneuses\">N\u00e1rodn\u00ed galerie v Lond\u00fdn\u011b.<\/a><\/p>\t\t\t\t\t\t\t\t<\/div>\n\t\t\t\t<\/div>\n\t\t\t\t\t<\/div>\n\t\t<\/div>\n\t\t\t\t\t<\/div>\n\t\t<\/section>\n\t\t\t\t<section class=\"elementor-section elementor-top-section elementor-element elementor-element-566101e elementor-section-boxed elementor-section-height-default elementor-section-height-default elementor-invisible\" data-id=\"566101e\" data-element_type=\"section\" data-e-type=\"section\" data-settings=\"{&quot;animation&quot;:&quot;fadeIn&quot;,&quot;animation_delay&quot;:400,&quot;background_background&quot;:&quot;classic&quot;}\">\n\t\t\t\t\t\t<div class=\"elementor-container elementor-column-gap-extended\">\n\t\t\t\t\t<div class=\"elementor-column elementor-col-100 elementor-top-column elementor-element elementor-element-351a031 sc_inner_width_none sc_content_align_inherit sc_layouts_column_icons_position_left\" data-id=\"351a031\" data-element_type=\"column\" data-e-type=\"column\">\n\t\t\t<div class=\"elementor-widget-wrap elementor-element-populated\">\n\t\t\t\t\t\t<div class=\"elementor-element elementor-element-a52c41f animation_type_block sc_fly_static elementor-widget elementor-widget-heading\" data-id=\"a52c41f\" data-element_type=\"widget\" data-e-type=\"widget\" data-widget_type=\"heading.default\">\n\t\t\t\t<div class=\"elementor-widget-container\">\n\t\t\t\t\t<h3 class=\"elementor-heading-title elementor-size-default\">Dv\u011b osoby<\/h3>\t\t\t\t<\/div>\n\t\t\t\t<\/div>\n\t\t\t\t<div class=\"elementor-element elementor-element-c820f2c animation_type_block sc_fly_static elementor-widget elementor-widget-text-editor\" data-id=\"c820f2c\" data-element_type=\"widget\" data-e-type=\"widget\" data-widget_type=\"text-editor.default\">\n\t\t\t\t<div class=\"elementor-widget-container\">\n\t\t\t\t\t\t\t\t\t<p>Z perspektivy od schodi\u0161t\u011b lze na Sov\u00e1kov\u011b tisku pozorovat dv\u011b osoby: Na prav\u00e9m okraji obrazu \"Koupaj\u00edc\u00edch se\" stoj\u00ed tmav\u011b oble\u010den\u00e1 \u0161t\u00edhl\u00e1 mlad\u00e1 \u017eena z profilu se sv\u011b\u0161enou rukou, kter\u00e1 jako by sm\u011b\u0159ovala sv\u016fj pohled doleva ke vzd\u00e1len\u00e9mu d\u00edlu. P\u0159ed n\u00ed dole vlevo sed\u00ed dominantn\u00ed p\u00e1n s ple\u0161\u00ed a b\u00edl\u00fdm plnovousem v \u010dern\u00e9m od\u011bvu, kter\u00fd hled\u00ed do prot\u011bj\u0161\u00ed \u010d\u00e1sti m\u00edstnosti a rukama sv\u00edr\u00e1 zdvi\u017een\u00e9 koleno. Ob\u011b postavy spl\u00fdvaj\u00ed s podlahou a schodi\u0161t\u011bm a sotva vystupoj\u00ed z p\u0159ev\u00e1\u017en\u011b \u0161ed\u00e9ho okol\u00ed, p\u016fsob\u00ed strnule, ztraceni v my\u0161lenk\u00e1ch, hled\u00ed do protilehl\u00fdch polovin m\u00edstnosti. Jsou to staf\u00e1\u017en\u00ed postavy, jejich\u017e rozmazan\u00e9 a rozost\u0159en\u00e9 zn\u00e1zorn\u011bn\u00ed p\u0159itahuje ve\u0161kerou pozornost k C\u00e9sannovu d\u00edlu \"Baigneuses\"?<\/p>\t\t\t\t\t\t\t\t<\/div>\n\t\t\t\t<\/div>\n\t\t\t\t\t<\/div>\n\t\t<\/div>\n\t\t\t\t\t<\/div>\n\t\t<\/section>\n\t\t\t\t<section class=\"elementor-section elementor-top-section elementor-element elementor-element-87e7419 elementor-section-boxed elementor-section-height-default elementor-section-height-default elementor-invisible\" data-id=\"87e7419\" data-element_type=\"section\" data-e-type=\"section\" data-settings=\"{&quot;animation&quot;:&quot;fadeIn&quot;,&quot;animation_delay&quot;:400,&quot;background_background&quot;:&quot;classic&quot;}\">\n\t\t\t\t\t\t<div class=\"elementor-container elementor-column-gap-extended\">\n\t\t\t\t\t<div class=\"elementor-column elementor-col-100 elementor-top-column elementor-element elementor-element-65de363 sc_inner_width_none sc_content_align_inherit sc_layouts_column_icons_position_left\" data-id=\"65de363\" data-element_type=\"column\" data-e-type=\"column\">\n\t\t\t<div class=\"elementor-widget-wrap elementor-element-populated\">\n\t\t\t\t\t\t<div class=\"elementor-element elementor-element-e10ff45 animation_type_block sc_fly_static elementor-widget elementor-widget-heading\" data-id=\"e10ff45\" data-element_type=\"widget\" data-e-type=\"widget\" data-widget_type=\"heading.default\">\n\t\t\t\t<div class=\"elementor-widget-container\">\n\t\t\t\t\t<h3 class=\"elementor-heading-title elementor-size-default\">Pe\u010dliv\u00e1 inscenace<\/h3>\t\t\t\t<\/div>\n\t\t\t\t<\/div>\n\t\t\t\t<div class=\"elementor-element elementor-element-ee7cb4e animation_type_block sc_fly_static elementor-widget elementor-widget-text-editor\" data-id=\"ee7cb4e\" data-element_type=\"widget\" data-e-type=\"widget\" data-widget_type=\"text-editor.default\">\n\t\t\t\t<div class=\"elementor-widget-container\">\n\t\t\t\t\t\t\t\t\t<p>P\u0159ed o\u010dima se n\u00e1m rozprost\u00edr\u00e1 stejn\u00e1 perspektiva, jakou kdysi vid\u011bl Pravoslav Sov\u00e1k, kdy\u017e fotografoval situaci v N\u00e1rodn\u00ed galerii. V t\u011bchto takzvan\u00fdch muzejn\u00edch listech, jejich\u017e cyklus za\u010d\u00edn\u00e1 p\u0159ibli\u017en\u011b v polovin\u011b 70. let, se autor v\u011bnuje v\u00fdstavn\u00edm \u010di expozi\u010dn\u00edm prostor\u00e1m v\u00fdznamn\u00fdch muze\u00ed. Sovak tato d\u00edla pova\u017euje za \"portr\u00e9ty obraz\u016f\" (katalog Mannheim, PS 2016) a kombinuje je s n\u00e1padn\u011b st\u00ednov\u00fdmi, rozmazan\u00fdmi ztv\u00e1rn\u011bn\u00edmi lid\u00ed, kter\u00e9 jako by autor vyfotografoval n\u00e1hodn\u011b.<\/p><p>Ve skute\u010dnosti se za nimi skr\u00fdvaj\u00e1 pe\u010dliv\u011b p\u0159ipraven\u00e1 inscenace domluven\u00e1 s p\u0159\u00e1teli a zn\u00e1m\u00fdmi provedena po uzav\u0159en\u00ed muzea. Jejich um\u00edst\u011bn\u00edm, postoji a gesty je Sov\u00e1k pe\u010dliv\u011b zakomponoval k um\u011bleck\u00fdm d\u00edl\u016fm. Nic nen\u00ed ponech\u00e1no n\u00e1hod\u011b. Ani r\u016fzn\u00e9 troj\u00faheln\u00edkov\u00e9 linie, kter\u00e9 charakterizuj\u00ed C\u00e9zannovu stup\u0148ovitou, nap\u011bt\u00edm zat\u00ed\u017eenou obrazovou kompozici a kter\u00e9 Sov\u00e1k v\u011bdom\u011b p\u0159eb\u00edr\u00e1 a pokra\u010duje v C\u00e9zannov\u011b stylu v (pomysln\u00fdch) horizont\u00e1l\u00e1ch, vertik\u00e1l\u00e1ch a diagon\u00e1l\u00e1ch (mezi osobami, mezi z\u00e1bradl\u00edm a obrazem nebo \u017eenou a z\u00e1bradl\u00edm atd.). Ani jemn\u00fd \u010dern\u00fd r\u00e1m kolem cel\u00e9 grafiky, kter\u00fd funguje jako pr\u016fhled oknem mezi realitou a rovinou obrazu. Ani \u00fa\u017easn\u00e1 fyziognomick\u00e1 podobnost sed\u00edc\u00edho starce s \"mistrem C\u00e9zannem\", jak ukazuje srovn\u00e1n\u00ed s jeho autoportr\u00e9ty z 90. let 19. stolet\u00ed nebo s fotografi\u00ed z roku 1904 v C\u00e9zannov\u011b ateli\u00e9ru. Pravoslav Sovak, jeho\u017e \u00facta ke star\u00fdm mistr\u016fm i p\u0159edstavitel\u016fm klasick\u00e9 moderny se projevuje v \u010detn\u00fdch \"muzejn\u00edch listech\", vytv\u00e1\u0159\u00ed na z\u00e1klad\u011b aran\u017eovan\u00fdch fotografi\u00ed n\u00e1dhern\u00e9 tisky \"kulturn\u00edch prostor\u016f lidstva\", v nich\u017e se odr\u00e1\u017e\u00ed jeho technick\u00e9 mistrovstv\u00ed i rozmanit\u00e9 a bohat\u00e9 znalosti d\u011bjin um\u011bn\u00ed - jako pocta a koment\u00e1\u0159 z\u00e1rove\u0148 spojen\u00e9 v jednom d\u00edle.<\/p>\t\t\t\t\t\t\t\t<\/div>\n\t\t\t\t<\/div>\n\t\t\t\t\t<\/div>\n\t\t<\/div>\n\t\t\t\t\t<\/div>\n\t\t<\/section>\n\t\t\t\t<\/div>","protected":false},"excerpt":{"rendered":"<p>&nbsp; Les Grandes Baigneuses (C\u00e9zanne) Informace Rok: 1977 Rozm\u011br: 33,8 x 38,4 cm Typ: Barevn\u00fd lept, fotogravura, akvatinta, such\u00e1 jehla; akvarel Impulzivn\u00ed obraz P\u0159i ment\u00e1ln\u00edm v\u00fdstupu po schodi\u0161ti se z\u00e1bradl\u00edm po obou stran\u00e1ch na jakousi galerii padne zrak p\u0159\u00edmo na velk\u00fd barevn\u00fd obraz ve zlat\u00e9m r\u00e1mu.....<\/p>","protected":false},"author":1,"featured_media":0,"parent":0,"menu_order":0,"comment_status":"closed","ping_status":"closed","template":"","meta":{"_seopress_robots_primary_cat":"","_seopress_titles_title":"Bildbetrachtung Pravoslav Sovak: Les Grandes Baigneuses (C\u00e9zanne)","_seopress_titles_desc":"Wir stellen regelm\u00e4ssig ein Werk von Pravoslav Sovak vor. Nehmen Sie sich Zeit f\u00fcr eine Betrachtung und lernen Sie seine Kunst kennen.","_seopress_robots_index":"","footnotes":""},"folder":[],"class_list":["post-9069","page","type-page","status-publish","hentry"],"_links":{"self":[{"href":"https:\/\/www.sovak.ch\/cs\/wp-json\/wp\/v2\/pages\/9069","targetHints":{"allow":["GET"]}}],"collection":[{"href":"https:\/\/www.sovak.ch\/cs\/wp-json\/wp\/v2\/pages"}],"about":[{"href":"https:\/\/www.sovak.ch\/cs\/wp-json\/wp\/v2\/types\/page"}],"author":[{"embeddable":true,"href":"https:\/\/www.sovak.ch\/cs\/wp-json\/wp\/v2\/users\/1"}],"replies":[{"embeddable":true,"href":"https:\/\/www.sovak.ch\/cs\/wp-json\/wp\/v2\/comments?post=9069"}],"version-history":[{"count":5,"href":"https:\/\/www.sovak.ch\/cs\/wp-json\/wp\/v2\/pages\/9069\/revisions"}],"predecessor-version":[{"id":9204,"href":"https:\/\/www.sovak.ch\/cs\/wp-json\/wp\/v2\/pages\/9069\/revisions\/9204"}],"wp:attachment":[{"href":"https:\/\/www.sovak.ch\/cs\/wp-json\/wp\/v2\/media?parent=9069"}],"wp:term":[{"taxonomy":"folder","embeddable":true,"href":"https:\/\/www.sovak.ch\/cs\/wp-json\/wp\/v2\/folder?post=9069"}],"curies":[{"name":"wp","href":"https:\/\/api.w.org\/{rel}","templated":true}]}}