{"id":9132,"date":"2023-05-03T11:07:19","date_gmt":"2023-05-03T10:07:19","guid":{"rendered":"https:\/\/www.sovak.ch\/?page_id=9132"},"modified":"2023-12-07T15:36:42","modified_gmt":"2023-12-07T14:36:42","slug":"umelecke-dilo-mesice","status":"publish","type":"page","link":"https:\/\/www.sovak.ch\/cs\/umelecke-dilo-mesice\/","title":{"rendered":"Um\u011bleck\u00e9 d\u00edlo v centru pozornosti"},"content":{"rendered":"","protected":false},"excerpt":{"rendered":"","protected":false},"author":1,"featured_media":0,"parent":0,"menu_order":0,"comment_status":"closed","ping_status":"closed","template":"","meta":{"_seopress_robots_primary_cat":"","_seopress_titles_title":"","_seopress_titles_desc":"","_seopress_robots_index":"","footnotes":""},"folder":[],"class_list":["post-9132","page","type-page","status-publish","hentry"],"_links":{"self":[{"href":"https:\/\/www.sovak.ch\/cs\/wp-json\/wp\/v2\/pages\/9132","targetHints":{"allow":["GET"]}}],"collection":[{"href":"https:\/\/www.sovak.ch\/cs\/wp-json\/wp\/v2\/pages"}],"about":[{"href":"https:\/\/www.sovak.ch\/cs\/wp-json\/wp\/v2\/types\/page"}],"author":[{"embeddable":true,"href":"https:\/\/www.sovak.ch\/cs\/wp-json\/wp\/v2\/users\/1"}],"replies":[{"embeddable":true,"href":"https:\/\/www.sovak.ch\/cs\/wp-json\/wp\/v2\/comments?post=9132"}],"version-history":[{"count":2,"href":"https:\/\/www.sovak.ch\/cs\/wp-json\/wp\/v2\/pages\/9132\/revisions"}],"predecessor-version":[{"id":9208,"href":"https:\/\/www.sovak.ch\/cs\/wp-json\/wp\/v2\/pages\/9132\/revisions\/9208"}],"wp:attachment":[{"href":"https:\/\/www.sovak.ch\/cs\/wp-json\/wp\/v2\/media?parent=9132"}],"wp:term":[{"taxonomy":"folder","embeddable":true,"href":"https:\/\/www.sovak.ch\/cs\/wp-json\/wp\/v2\/folder?post=9132"}],"curies":[{"name":"wp","href":"https:\/\/api.w.org\/{rel}","templated":true}]}}