{"id":9210,"date":"2023-12-07T15:41:04","date_gmt":"2023-12-07T14:41:04","guid":{"rendered":"https:\/\/www.sovak.ch\/les-grandes-baigneuses-cezanne-copy\/"},"modified":"2023-12-07T16:04:24","modified_gmt":"2023-12-07T15:04:24","slug":"artwork-of-the-month-may-2","status":"publish","type":"page","link":"https:\/\/www.sovak.ch\/cs\/artwork-of-the-month-may-2\/","title":{"rendered":"St\u011bny II, 1990"},"content":{"rendered":"\t\t<div data-elementor-type=\"wp-page\" data-elementor-id=\"9210\" class=\"elementor elementor-9210\" data-elementor-post-type=\"page\">\n\t\t\t\t\t\t<section class=\"elementor-section elementor-top-section elementor-element elementor-element-24828f19 elementor-section-boxed elementor-section-height-default elementor-section-height-default elementor-invisible\" data-id=\"24828f19\" data-element_type=\"section\" data-e-type=\"section\" data-settings=\"{&quot;animation&quot;:&quot;fadeIn&quot;,&quot;animation_delay&quot;:200}\">\n\t\t\t\t\t\t<div class=\"elementor-container elementor-column-gap-extended\">\n\t\t\t\t\t<div class=\"elementor-column elementor-col-100 elementor-top-column elementor-element elementor-element-a91cb48 sc_inner_width_none sc_content_align_inherit sc_layouts_column_icons_position_left\" data-id=\"a91cb48\" data-element_type=\"column\" data-e-type=\"column\">\n\t\t\t<div class=\"elementor-widget-wrap elementor-element-populated\">\n\t\t\t\t\t\t<div class=\"elementor-element elementor-element-17c30193 animation_type_block sc_fly_static elementor-widget elementor-widget-trx_sc_anchor\" data-id=\"17c30193\" data-element_type=\"widget\" data-e-type=\"widget\" data-widget_type=\"trx_sc_anchor.default\">\n\t\t\t\t<div class=\"elementor-widget-container\">\n\t\t\t\t\t<a id=\"sc_anchor_1\"\n\ttitle=\"\"  class=\"sc_anchor sc_anchor_default\" data-vc-icon=\"\" data-url=\"\"><\/a>\t\t\t\t<\/div>\n\t\t\t\t<\/div>\n\t\t\t\t<div class=\"elementor-element elementor-element-54034dfa animation_type_block sc_fly_static elementor-widget elementor-widget-heading\" data-id=\"54034dfa\" data-element_type=\"widget\" data-e-type=\"widget\" data-widget_type=\"heading.default\">\n\t\t\t\t<div class=\"elementor-widget-container\">\n\t\t\t\t\t<h1 class=\"elementor-heading-title elementor-size-default\">Walls II, 1990<\/h1>\t\t\t\t<\/div>\n\t\t\t\t<\/div>\n\t\t\t\t<div class=\"elementor-element elementor-element-1c2659d9 elementor-widget-divider--view-line animation_type_block sc_fly_static elementor-widget elementor-widget-divider\" data-id=\"1c2659d9\" data-element_type=\"widget\" data-e-type=\"widget\" data-widget_type=\"divider.default\">\n\t\t\t\t<div class=\"elementor-widget-container\">\n\t\t\t\t\t\t\t<div class=\"elementor-divider\">\n\t\t\t<span class=\"elementor-divider-separator\">\n\t\t\t\t\t\t<\/span>\n\t\t<\/div>\n\t\t\t\t\t\t<\/div>\n\t\t\t\t<\/div>\n\t\t\t\t\t<\/div>\n\t\t<\/div>\n\t\t\t\t\t<\/div>\n\t\t<\/section>\n\t\t\t\t<section class=\"elementor-section elementor-top-section elementor-element elementor-element-6c612ae1 elementor-section-boxed elementor-section-height-default elementor-section-height-default elementor-invisible\" data-id=\"6c612ae1\" data-element_type=\"section\" data-e-type=\"section\" data-settings=\"{&quot;animation&quot;:&quot;fadeIn&quot;,&quot;animation_delay&quot;:400,&quot;background_background&quot;:&quot;classic&quot;}\">\n\t\t\t\t\t\t<div class=\"elementor-container elementor-column-gap-extended\">\n\t\t\t\t\t<div class=\"elementor-column elementor-col-50 elementor-top-column elementor-element elementor-element-52826a59 sc_inner_width_none sc_content_align_inherit sc_layouts_column_icons_position_left\" data-id=\"52826a59\" data-element_type=\"column\" data-e-type=\"column\">\n\t\t\t<div class=\"elementor-widget-wrap elementor-element-populated\">\n\t\t\t\t\t\t<div class=\"elementor-element elementor-element-7015c4d animation_type_block sc_fly_static elementor-widget elementor-widget-image\" data-id=\"7015c4d\" data-element_type=\"widget\" data-e-type=\"widget\" data-widget_type=\"image.default\">\n\t\t\t\t<div class=\"elementor-widget-container\">\n\t\t\t\t\t\t\t\t\t\t\t\t\t\t\t\t<a href=\"https:\/\/www.sovak.ch\/wp-content\/uploads\/2023\/01\/Walls-II-1990-Kat.-Nr.-281.jpg\" data-elementor-open-lightbox=\"yes\" data-elementor-lightbox-title=\"Walls II, 1990, Kat. Nr. 281\" data-e-action-hash=\"#elementor-action%3Aaction%3Dlightbox%26settings%3DeyJpZCI6ODIzMiwidXJsIjoiaHR0cHM6XC9cL3d3dy5zb3Zhay5jaFwvd3AtY29udGVudFwvdXBsb2Fkc1wvMjAyM1wvMDFcL1dhbGxzLUlJLTE5OTAtS2F0Li1Oci4tMjgxLmpwZyJ9\">\n\t\t\t\t\t\t\t<img fetchpriority=\"high\" decoding=\"async\" width=\"1195\" height=\"1200\" src=\"https:\/\/www.sovak.ch\/wp-content\/uploads\/2023\/01\/Walls-II-1990-Kat.-Nr.-281.jpg\" class=\"attachment-full size-full wp-image-8232\" alt=\"\" srcset=\"https:\/\/www.sovak.ch\/wp-content\/uploads\/2023\/01\/Walls-II-1990-Kat.-Nr.-281.jpg 1195w, https:\/\/www.sovak.ch\/wp-content\/uploads\/2023\/01\/Walls-II-1990-Kat.-Nr.-281-150x150.jpg 150w, https:\/\/www.sovak.ch\/wp-content\/uploads\/2023\/01\/Walls-II-1990-Kat.-Nr.-281-600x603.jpg 600w, https:\/\/www.sovak.ch\/wp-content\/uploads\/2023\/01\/Walls-II-1990-Kat.-Nr.-281-300x300.jpg 300w, https:\/\/www.sovak.ch\/wp-content\/uploads\/2023\/01\/Walls-II-1990-Kat.-Nr.-281-1020x1024.jpg 1020w, https:\/\/www.sovak.ch\/wp-content\/uploads\/2023\/01\/Walls-II-1990-Kat.-Nr.-281-768x771.jpg 768w, https:\/\/www.sovak.ch\/wp-content\/uploads\/2023\/01\/Walls-II-1990-Kat.-Nr.-281-370x372.jpg 370w, https:\/\/www.sovak.ch\/wp-content\/uploads\/2023\/01\/Walls-II-1990-Kat.-Nr.-281-90x90.jpg 90w, https:\/\/www.sovak.ch\/wp-content\/uploads\/2023\/01\/Walls-II-1990-Kat.-Nr.-281-770x773.jpg 770w\" sizes=\"(max-width: 1195px) 100vw, 1195px\" \/>\t\t\t\t\t\t\t\t<\/a>\n\t\t\t\t\t\t\t\t\t\t\t\t\t\t\t<\/div>\n\t\t\t\t<\/div>\n\t\t\t\t\t<\/div>\n\t\t<\/div>\n\t\t\t\t<div class=\"elementor-column elementor-col-50 elementor-top-column elementor-element elementor-element-5ac207ab sc_inner_width_none sc_content_align_inherit sc_layouts_column_icons_position_left\" data-id=\"5ac207ab\" data-element_type=\"column\" data-e-type=\"column\">\n\t\t\t<div class=\"elementor-widget-wrap elementor-element-populated\">\n\t\t\t\t\t\t<div class=\"elementor-element elementor-element-900bcc6 animation_type_block sc_fly_static elementor-widget elementor-widget-heading\" data-id=\"900bcc6\" data-element_type=\"widget\" data-e-type=\"widget\" data-widget_type=\"heading.default\">\n\t\t\t\t<div class=\"elementor-widget-container\">\n\t\t\t\t\t<h3 class=\"elementor-heading-title elementor-size-default\">Informationen<\/h3>\t\t\t\t<\/div>\n\t\t\t\t<\/div>\n\t\t\t\t<div class=\"elementor-element elementor-element-74538640 animation_type_block sc_fly_static elementor-widget elementor-widget-heading\" data-id=\"74538640\" data-element_type=\"widget\" data-e-type=\"widget\" data-widget_type=\"heading.default\">\n\t\t\t\t<div class=\"elementor-widget-container\">\n\t\t\t\t\t<h4 class=\"elementor-heading-title elementor-size-default\">Jahr: 1990<\/h4>\t\t\t\t<\/div>\n\t\t\t\t<\/div>\n\t\t\t\t<div class=\"elementor-element elementor-element-e04e7b3 animation_type_block sc_fly_static elementor-widget elementor-widget-heading\" data-id=\"e04e7b3\" data-element_type=\"widget\" data-e-type=\"widget\" data-widget_type=\"heading.default\">\n\t\t\t\t<div class=\"elementor-widget-container\">\n\t\t\t\t\t<h4 class=\"elementor-heading-title elementor-size-default\">Gr\u00f6sse: 20.6 x 21.0 cm<\/h4>\t\t\t\t<\/div>\n\t\t\t\t<\/div>\n\t\t\t\t<div class=\"elementor-element elementor-element-9a2b567 animation_type_block sc_fly_static elementor-widget elementor-widget-heading\" data-id=\"9a2b567\" data-element_type=\"widget\" data-e-type=\"widget\" data-widget_type=\"heading.default\">\n\t\t\t\t<div class=\"elementor-widget-container\">\n\t\t\t\t\t<h4 class=\"elementor-heading-title elementor-size-default\">Art: Farbradierung, Photograv\u00fcre, Aquatinta, Kaltnadel<\/h4>\t\t\t\t<\/div>\n\t\t\t\t<\/div>\n\t\t\t\t\t<\/div>\n\t\t<\/div>\n\t\t\t\t\t<\/div>\n\t\t<\/section>\n\t\t\t\t<section class=\"elementor-section elementor-top-section elementor-element elementor-element-602288d elementor-section-boxed elementor-section-height-default elementor-section-height-default elementor-invisible\" data-id=\"602288d\" data-element_type=\"section\" data-e-type=\"section\" data-settings=\"{&quot;animation&quot;:&quot;fadeIn&quot;,&quot;animation_delay&quot;:400,&quot;background_background&quot;:&quot;classic&quot;}\">\n\t\t\t\t\t\t<div class=\"elementor-container elementor-column-gap-extended\">\n\t\t\t\t\t<div class=\"elementor-column elementor-col-100 elementor-top-column elementor-element elementor-element-2d22f7b sc_inner_width_none sc_content_align_inherit sc_layouts_column_icons_position_left\" data-id=\"2d22f7b\" data-element_type=\"column\" data-e-type=\"column\">\n\t\t\t<div class=\"elementor-widget-wrap elementor-element-populated\">\n\t\t\t\t\t\t<div class=\"elementor-element elementor-element-17dbb7c animation_type_block sc_fly_static elementor-widget elementor-widget-heading\" data-id=\"17dbb7c\" data-element_type=\"widget\" data-e-type=\"widget\" data-widget_type=\"heading.default\">\n\t\t\t\t<div class=\"elementor-widget-container\">\n\t\t\t\t\t<h3 class=\"elementor-heading-title elementor-size-default\">Die Struktur der Stadt<\/h3>\t\t\t\t<\/div>\n\t\t\t\t<\/div>\n\t\t\t\t<div class=\"elementor-element elementor-element-b3d0a0f animation_type_block sc_fly_static elementor-widget elementor-widget-text-editor\" data-id=\"b3d0a0f\" data-element_type=\"widget\" data-e-type=\"widget\" data-widget_type=\"text-editor.default\">\n\t\t\t\t<div class=\"elementor-widget-container\">\n\t\t\t\t\t\t\t\t\t\u00abDie Stadt begeisterte mich, aber mir war lange nicht klar, was daraus entstehen w\u00fcrde. \nMir gefiel, was mir schon in der Jugend an Prag gefallen hatte, die Struktur der Stadt.\u00bb \n(Pravoslav Sovak, 2014, in: Ulrike Lorenz (Hrsg.): Sovak clear visions[s]. Catalogue Raisonn\u00e9 1995-2016. Katalog der Ausstellung Kunsthalle Mannheim 2016, S. 34)\t\t\t\t\t\t\t\t<\/div>\n\t\t\t\t<\/div>\n\t\t\t\t\t<\/div>\n\t\t<\/div>\n\t\t\t\t\t<\/div>\n\t\t<\/section>\n\t\t\t\t<section class=\"elementor-section elementor-top-section elementor-element elementor-element-566101e elementor-section-boxed elementor-section-height-default elementor-section-height-default elementor-invisible\" data-id=\"566101e\" data-element_type=\"section\" data-e-type=\"section\" data-settings=\"{&quot;animation&quot;:&quot;fadeIn&quot;,&quot;animation_delay&quot;:400,&quot;background_background&quot;:&quot;classic&quot;}\">\n\t\t\t\t\t\t<div class=\"elementor-container elementor-column-gap-extended\">\n\t\t\t\t\t<div class=\"elementor-column elementor-col-100 elementor-top-column elementor-element elementor-element-351a031 sc_inner_width_none sc_content_align_inherit sc_layouts_column_icons_position_left\" data-id=\"351a031\" data-element_type=\"column\" data-e-type=\"column\">\n\t\t\t<div class=\"elementor-widget-wrap elementor-element-populated\">\n\t\t\t\t\t\t<div class=\"elementor-element elementor-element-a52c41f animation_type_block sc_fly_static elementor-widget elementor-widget-heading\" data-id=\"a52c41f\" data-element_type=\"widget\" data-e-type=\"widget\" data-widget_type=\"heading.default\">\n\t\t\t\t<div class=\"elementor-widget-container\">\n\t\t\t\t\t<h3 class=\"elementor-heading-title elementor-size-default\">Inspiriert von Amerika<\/h3>\t\t\t\t<\/div>\n\t\t\t\t<\/div>\n\t\t\t\t<div class=\"elementor-element elementor-element-c820f2c animation_type_block sc_fly_static elementor-widget elementor-widget-text-editor\" data-id=\"c820f2c\" data-element_type=\"widget\" data-e-type=\"widget\" data-widget_type=\"text-editor.default\">\n\t\t\t\t<div class=\"elementor-widget-container\">\n\t\t\t\t\t\t\t\t\tDicht an dicht in vertikaler Staffelung gesetzte, mitunter fast transparent wirkende Geb\u00e4ude- und Fenster-Strukturen aus hellen und dunklen Farben, die zugleich Licht und Schatten sind, charakterisieren die Werkgruppe der \u00abWalls\u00bb ab 1990 und den kommenden Jahren. Die Inspiration hierf\u00fcr fand Pravoslav Sovak bei seinen zahlreichen Aufenthalten in amerikanischen St\u00e4dten mit den f\u00fcr sie typischen Wolkenkratzern unterschiedlichster H\u00f6hen und Breiten. Sovaks neue komprimierte Sicht auf die Stadt und ihre geometrische Tektonik \u2013 als Gegenpol zur weitl\u00e4ufigen W\u00fcstenlandschaft \u2013 m\u00fcndet in farblich wie kompositorisch exzellent ausbalancierten, beinahe abstrakt wirkenden Farbradierungen, die vermehrt auf eigene Fotografien zur\u00fcckgreifen.\t\t\t\t\t\t\t\t<\/div>\n\t\t\t\t<\/div>\n\t\t\t\t\t<\/div>\n\t\t<\/div>\n\t\t\t\t\t<\/div>\n\t\t<\/section>\n\t\t\t\t<section class=\"elementor-section elementor-top-section elementor-element elementor-element-87e7419 elementor-section-boxed elementor-section-height-default elementor-section-height-default elementor-invisible\" data-id=\"87e7419\" data-element_type=\"section\" data-e-type=\"section\" data-settings=\"{&quot;animation&quot;:&quot;fadeIn&quot;,&quot;animation_delay&quot;:400,&quot;background_background&quot;:&quot;classic&quot;}\">\n\t\t\t\t\t\t<div class=\"elementor-container elementor-column-gap-extended\">\n\t\t\t\t\t<div class=\"elementor-column elementor-col-100 elementor-top-column elementor-element elementor-element-65de363 sc_inner_width_none sc_content_align_inherit sc_layouts_column_icons_position_left\" data-id=\"65de363\" data-element_type=\"column\" data-e-type=\"column\">\n\t\t\t<div class=\"elementor-widget-wrap elementor-element-populated\">\n\t\t\t\t\t\t<div class=\"elementor-element elementor-element-e10ff45 animation_type_block sc_fly_static elementor-widget elementor-widget-heading\" data-id=\"e10ff45\" data-element_type=\"widget\" data-e-type=\"widget\" data-widget_type=\"heading.default\">\n\t\t\t\t<div class=\"elementor-widget-container\">\n\t\t\t\t\t<h3 class=\"elementor-heading-title elementor-size-default\">Ohne Himmel und Horizont<\/h3>\t\t\t\t<\/div>\n\t\t\t\t<\/div>\n\t\t\t\t<div class=\"elementor-element elementor-element-ee7cb4e animation_type_block sc_fly_static elementor-widget elementor-widget-text-editor\" data-id=\"ee7cb4e\" data-element_type=\"widget\" data-e-type=\"widget\" data-widget_type=\"text-editor.default\">\n\t\t\t\t<div class=\"elementor-widget-container\">\n\t\t\t\t\t\t\t\t\t<p>Die in extremer Nahsicht angelegte menschenleere Stadtansicht von Walls II, die ohne Himmel und Horizont auskommt, fasziniert durch ihre \u00e4sthetische Ordnung und elegante Erscheinung. Doch zugleich wird diese von einer latenten \u00abanonymen Melancholie\u00bb grossst\u00e4dtischer Atmosph\u00e4re begleitet. Pravoslav Sovaks handwerklich technische wie inhaltlich tiefsinnige Meisterschaft, die stets eine vollkommene Harmonie zwischen Form und Aussage anstrebt, wird in diesem bezaubernden kleinformatigen Blatt zur poetischen, zeitlosen Ikone einer amerikanischen Metropole.<\/p><p>\u00a9Martina Kral, 2023<\/p>\t\t\t\t\t\t\t\t<\/div>\n\t\t\t\t<\/div>\n\t\t\t\t\t<\/div>\n\t\t<\/div>\n\t\t\t\t\t<\/div>\n\t\t<\/section>\n\t\t\t\t<\/div>\n\t\t","protected":false},"excerpt":{"rendered":"<p>St\u011bny II, 1990 Informace Rok: 1990 Rozm\u011br: 20,6 x 21,0 cm Um\u011bleck\u00e9 d\u00edlo: Barevn\u00fd lept, fotogravura, akvatinta, such\u00e1 jehla Struktura m\u011bsta \"M\u011bsto m\u011b inspirovalo, ale dlouho jsem si neuv\u011bdomoval, co z toho vzejde. L\u00edbilo se mi to, co se mi na Praze l\u00edbilo u\u017e v ml\u00e1d\u00ed...<\/p>","protected":false},"author":1,"featured_media":0,"parent":0,"menu_order":0,"comment_status":"closed","ping_status":"closed","template":"","meta":{"_seopress_robots_primary_cat":"","_seopress_titles_title":"Bildbetrachtung Pravoslav Sovak: Walls II, 1990","_seopress_titles_desc":"Wir stellen regelm\u00e4ssig ein Werk von Pravoslav Sovak vor. Nehmen Sie sich Zeit f\u00fcr eine Betrachtung und lernen Sie seine Kunst kennen.","_seopress_robots_index":"","footnotes":""},"folder":[],"class_list":["post-9210","page","type-page","status-publish","hentry"],"_links":{"self":[{"href":"https:\/\/www.sovak.ch\/cs\/wp-json\/wp\/v2\/pages\/9210","targetHints":{"allow":["GET"]}}],"collection":[{"href":"https:\/\/www.sovak.ch\/cs\/wp-json\/wp\/v2\/pages"}],"about":[{"href":"https:\/\/www.sovak.ch\/cs\/wp-json\/wp\/v2\/types\/page"}],"author":[{"embeddable":true,"href":"https:\/\/www.sovak.ch\/cs\/wp-json\/wp\/v2\/users\/1"}],"replies":[{"embeddable":true,"href":"https:\/\/www.sovak.ch\/cs\/wp-json\/wp\/v2\/comments?post=9210"}],"version-history":[{"count":5,"href":"https:\/\/www.sovak.ch\/cs\/wp-json\/wp\/v2\/pages\/9210\/revisions"}],"predecessor-version":[{"id":9223,"href":"https:\/\/www.sovak.ch\/cs\/wp-json\/wp\/v2\/pages\/9210\/revisions\/9223"}],"wp:attachment":[{"href":"https:\/\/www.sovak.ch\/cs\/wp-json\/wp\/v2\/media?parent=9210"}],"wp:term":[{"taxonomy":"folder","embeddable":true,"href":"https:\/\/www.sovak.ch\/cs\/wp-json\/wp\/v2\/folder?post=9210"}],"curies":[{"name":"wp","href":"https:\/\/api.w.org\/{rel}","templated":true}]}}