{"id":6271,"date":"2022-03-14T17:31:17","date_gmt":"2022-03-14T17:31:17","guid":{"rendered":"https:\/\/sovak.aretis-staging.ch\/?page_id=6271"},"modified":"2023-03-03T17:37:45","modified_gmt":"2023-03-03T16:37:45","slug":"graphic","status":"publish","type":"page","link":"https:\/\/www.sovak.ch\/en\/artists\/selection-of-works\/graphic\/","title":{"rendered":"Graphic"},"content":{"rendered":"<div data-elementor-type=\"wp-page\" data-elementor-id=\"6271\" class=\"elementor elementor-6271\" data-elementor-post-type=\"page\">\n\t\t\t\t\t\t<section class=\"elementor-section elementor-top-section elementor-element elementor-element-21328ff7 elementor-section-boxed elementor-section-height-default elementor-section-height-default\" data-id=\"21328ff7\" data-element_type=\"section\" data-e-type=\"section\">\n\t\t\t\t\t\t<div class=\"elementor-container elementor-column-gap-extended\">\n\t\t\t\t\t<div class=\"elementor-column elementor-col-100 elementor-top-column elementor-element elementor-element-6dc96785 sc_inner_width_none sc_content_align_inherit sc_layouts_column_icons_position_left\" data-id=\"6dc96785\" data-element_type=\"column\" data-e-type=\"column\" data-settings=\"{&quot;background_background&quot;:&quot;classic&quot;}\">\n\t\t\t<div class=\"elementor-widget-wrap elementor-element-populated\">\n\t\t\t\t\t\t<div class=\"elementor-element elementor-element-ae2972 elementor-nav-menu__align-center elementor-nav-menu--dropdown-tablet elementor-nav-menu__text-align-aside elementor-nav-menu--toggle elementor-nav-menu--burger animation_type_block sc_fly_static elementor-widget elementor-widget-nav-menu\" data-id=\"ae2972\" data-element_type=\"widget\" data-e-type=\"widget\" data-settings=\"{&quot;layout&quot;:&quot;horizontal&quot;,&quot;submenu_icon&quot;:{&quot;value&quot;:&quot;&lt;i class=\\&quot;fas fa-caret-down\\&quot; aria-hidden=\\&quot;true\\&quot;&gt;&lt;\\\/i&gt;&quot;,&quot;library&quot;:&quot;fa-solid&quot;},&quot;toggle&quot;:&quot;burger&quot;}\" data-widget_type=\"nav-menu.default\">\n\t\t\t\t<div class=\"elementor-widget-container\">\n\t\t\t\t\t\t\t\t<nav aria-label=\"Menu\" class=\"elementor-nav-menu--main elementor-nav-menu__container elementor-nav-menu--layout-horizontal e--pointer-underline e--animation-fade\">\n\t\t\t\t<ul id=\"menu-1-ae2972\" class=\"elementor-nav-menu\"><li class=\"menu-item menu-item-type-post_type menu-item-object-page menu-item-has-children menu-item-6290\"><a href=\"https:\/\/www.sovak.ch\/en\/artists\/selection-of-works\/graphic\/\" class=\"elementor-item\">Graphic<\/a>\n<ul class=\"sub-menu elementor-nav-menu--dropdown\">\n\t<li class=\"menu-item menu-item-type-post_type menu-item-object-page menu-item-6323\"><a href=\"https:\/\/www.sovak.ch\/en\/artists\/selection-of-works\/graphic\/sovak-as-graphics\/\" class=\"elementor-sub-item\">Sovak as graphic designer<\/a><\/li>\n\t<li class=\"menu-item menu-item-type-post_type menu-item-object-page menu-item-6324\"><a href=\"https:\/\/www.sovak.ch\/en\/artists\/selection-of-works\/graphic\/museum-leaflets\/\" class=\"elementor-sub-item\">Museum Sheets<\/a><\/li>\n\t<li class=\"menu-item menu-item-type-post_type menu-item-object-page menu-item-6325\"><a href=\"https:\/\/www.sovak.ch\/en\/artists\/selection-of-works\/graphic\/beauties\/\" class=\"elementor-sub-item\">Beauties<\/a><\/li>\n\t<li class=\"menu-item menu-item-type-post_type menu-item-object-page menu-item-6326\"><a href=\"https:\/\/www.sovak.ch\/en\/artists\/selection-of-works\/graphic\/walls-and-big-walls\/\" class=\"elementor-sub-item\">Walls and Big Walls<\/a><\/li>\n\t<li class=\"menu-item menu-item-type-post_type menu-item-object-page menu-item-6327\"><a href=\"https:\/\/www.sovak.ch\/en\/artists\/selection-of-works\/graphic\/installations-imaginaires\/\" class=\"elementor-sub-item\">Installations Imaginaires<\/a><\/li>\n\t<li class=\"menu-item menu-item-type-post_type menu-item-object-page menu-item-6332\"><a href=\"https:\/\/www.sovak.ch\/en\/artists\/selection-of-works\/graphic\/portfolio-work-graphic-diary\/\" class=\"elementor-sub-item\">Folder work graphic diary<\/a><\/li>\n\t<li class=\"menu-item menu-item-type-post_type menu-item-object-page menu-item-6331\"><a href=\"https:\/\/www.sovak.ch\/en\/artists\/selection-of-works\/graphic\/folder-indirect-messages\/\" class=\"elementor-sub-item\">Folder Indirect Messages<\/a><\/li>\n\t<li class=\"menu-item menu-item-type-post_type menu-item-object-page menu-item-6330\"><a href=\"https:\/\/www.sovak.ch\/en\/artists\/selection-of-works\/graphic\/mappenwerk-you-are-too-frequent-to-heidelberg\/\" class=\"elementor-sub-item\">Portfolio You go to Heidelberg too often<\/a><\/li>\n<\/ul>\n<\/li>\n<li class=\"menu-item menu-item-type-post_type menu-item-object-page menu-item-6293\"><a href=\"https:\/\/www.sovak.ch\/en\/artists\/selection-of-works\/collagen\/\" class=\"elementor-item\">Collages<\/a><\/li>\n<li class=\"menu-item menu-item-type-post_type menu-item-object-page menu-item-6294\"><a href=\"https:\/\/www.sovak.ch\/en\/artists\/selection-of-works\/digital-photography\/\" class=\"elementor-item\">Digital photography<\/a><\/li>\n<\/ul>\t\t\t<\/nav>\n\t\t\t\t\t<div class=\"elementor-menu-toggle\" role=\"button\" tabindex=\"0\" aria-label=\"Menu switch\" aria-expanded=\"false\">\n\t\t\t<i aria-hidden=\"true\" role=\"presentation\" class=\"elementor-menu-toggle__icon--open eicon-menu-bar\"><\/i><i aria-hidden=\"true\" role=\"presentation\" class=\"elementor-menu-toggle__icon--close eicon-close\"><\/i>\t\t<\/div>\n\t\t\t\t\t<nav class=\"elementor-nav-menu--dropdown elementor-nav-menu__container\" aria-hidden=\"true\">\n\t\t\t\t<ul id=\"menu-2-ae2972\" class=\"elementor-nav-menu\"><li class=\"menu-item menu-item-type-post_type menu-item-object-page menu-item-has-children menu-item-6290\"><a href=\"https:\/\/www.sovak.ch\/en\/artists\/selection-of-works\/graphic\/\" class=\"elementor-item\" tabindex=\"-1\">Graphic<\/a>\n<ul class=\"sub-menu elementor-nav-menu--dropdown\">\n\t<li class=\"menu-item menu-item-type-post_type menu-item-object-page menu-item-6323\"><a href=\"https:\/\/www.sovak.ch\/en\/artists\/selection-of-works\/graphic\/sovak-as-graphics\/\" class=\"elementor-sub-item\" tabindex=\"-1\">Sovak as graphic designer<\/a><\/li>\n\t<li class=\"menu-item menu-item-type-post_type menu-item-object-page menu-item-6324\"><a href=\"https:\/\/www.sovak.ch\/en\/artists\/selection-of-works\/graphic\/museum-leaflets\/\" class=\"elementor-sub-item\" tabindex=\"-1\">Museum Sheets<\/a><\/li>\n\t<li class=\"menu-item menu-item-type-post_type menu-item-object-page menu-item-6325\"><a href=\"https:\/\/www.sovak.ch\/en\/artists\/selection-of-works\/graphic\/beauties\/\" class=\"elementor-sub-item\" tabindex=\"-1\">Beauties<\/a><\/li>\n\t<li class=\"menu-item menu-item-type-post_type menu-item-object-page menu-item-6326\"><a href=\"https:\/\/www.sovak.ch\/en\/artists\/selection-of-works\/graphic\/walls-and-big-walls\/\" class=\"elementor-sub-item\" tabindex=\"-1\">Walls and Big Walls<\/a><\/li>\n\t<li class=\"menu-item menu-item-type-post_type menu-item-object-page menu-item-6327\"><a href=\"https:\/\/www.sovak.ch\/en\/artists\/selection-of-works\/graphic\/installations-imaginaires\/\" class=\"elementor-sub-item\" tabindex=\"-1\">Installations Imaginaires<\/a><\/li>\n\t<li class=\"menu-item menu-item-type-post_type menu-item-object-page menu-item-6332\"><a href=\"https:\/\/www.sovak.ch\/en\/artists\/selection-of-works\/graphic\/portfolio-work-graphic-diary\/\" class=\"elementor-sub-item\" tabindex=\"-1\">Folder work graphic diary<\/a><\/li>\n\t<li class=\"menu-item menu-item-type-post_type menu-item-object-page menu-item-6331\"><a href=\"https:\/\/www.sovak.ch\/en\/artists\/selection-of-works\/graphic\/folder-indirect-messages\/\" class=\"elementor-sub-item\" tabindex=\"-1\">Folder Indirect Messages<\/a><\/li>\n\t<li class=\"menu-item menu-item-type-post_type menu-item-object-page menu-item-6330\"><a href=\"https:\/\/www.sovak.ch\/en\/artists\/selection-of-works\/graphic\/mappenwerk-you-are-too-frequent-to-heidelberg\/\" class=\"elementor-sub-item\" tabindex=\"-1\">Portfolio You go to Heidelberg too often<\/a><\/li>\n<\/ul>\n<\/li>\n<li class=\"menu-item menu-item-type-post_type menu-item-object-page menu-item-6293\"><a href=\"https:\/\/www.sovak.ch\/en\/artists\/selection-of-works\/collagen\/\" class=\"elementor-item\" tabindex=\"-1\">Collages<\/a><\/li>\n<li class=\"menu-item menu-item-type-post_type menu-item-object-page menu-item-6294\"><a href=\"https:\/\/www.sovak.ch\/en\/artists\/selection-of-works\/digital-photography\/\" class=\"elementor-item\" tabindex=\"-1\">Digital photography<\/a><\/li>\n<\/ul>\t\t\t<\/nav>\n\t\t\t\t\t\t<\/div>\n\t\t\t\t<\/div>\n\t\t\t\t\t<\/div>\n\t\t<\/div>\n\t\t\t\t\t<\/div>\n\t\t<\/section>\n\t\t\t\t<section class=\"elementor-section elementor-top-section elementor-element elementor-element-17353dea elementor-section-boxed elementor-section-height-default elementor-section-height-default\" data-id=\"17353dea\" data-element_type=\"section\" data-e-type=\"section\">\n\t\t\t\t\t\t<div class=\"elementor-container elementor-column-gap-extended\">\n\t\t\t\t\t<div class=\"elementor-column elementor-col-100 elementor-top-column elementor-element elementor-element-4b42ba66 sc_inner_width_none sc_content_align_inherit sc_layouts_column_icons_position_left\" data-id=\"4b42ba66\" data-element_type=\"column\" data-e-type=\"column\">\n\t\t\t<div class=\"elementor-widget-wrap elementor-element-populated\">\n\t\t\t\t\t\t<div class=\"elementor-element elementor-element-6a576344 animation_type_block sc_fly_static elementor-widget elementor-widget-spacer\" data-id=\"6a576344\" data-element_type=\"widget\" data-e-type=\"widget\" data-widget_type=\"spacer.default\">\n\t\t\t\t<div class=\"elementor-widget-container\">\n\t\t\t\t\t\t\t<div class=\"elementor-spacer\">\n\t\t\t<div class=\"elementor-spacer-inner\"><\/div>\n\t\t<\/div>\n\t\t\t\t\t\t<\/div>\n\t\t\t\t<\/div>\n\t\t\t\t\t<\/div>\n\t\t<\/div>\n\t\t\t\t\t<\/div>\n\t\t<\/section>\n\t\t\t\t<section class=\"elementor-section elementor-top-section elementor-element elementor-element-3cc165bb elementor-section-boxed elementor-section-height-default elementor-section-height-default elementor-invisible\" data-id=\"3cc165bb\" data-element_type=\"section\" data-e-type=\"section\" data-settings=\"{&quot;animation&quot;:&quot;fadeIn&quot;,&quot;animation_delay&quot;:200}\">\n\t\t\t\t\t\t<div class=\"elementor-container elementor-column-gap-extended\">\n\t\t\t\t\t<div class=\"elementor-column elementor-col-100 elementor-top-column elementor-element elementor-element-42473c57 sc_inner_width_none sc_content_align_inherit sc_layouts_column_icons_position_left\" data-id=\"42473c57\" data-element_type=\"column\" data-e-type=\"column\">\n\t\t\t<div class=\"elementor-widget-wrap elementor-element-populated\">\n\t\t\t\t\t\t<div class=\"elementor-element elementor-element-10c5b5db animation_type_block sc_fly_static elementor-widget elementor-widget-heading\" data-id=\"10c5b5db\" data-element_type=\"widget\" data-e-type=\"widget\" data-widget_type=\"heading.default\">\n\t\t\t\t<div class=\"elementor-widget-container\">\n\t\t\t\t\t<h1 class=\"elementor-heading-title elementor-size-default\">Graphic<\/h1>\t\t\t\t<\/div>\n\t\t\t\t<\/div>\n\t\t\t\t<div class=\"elementor-element elementor-element-4e54c6b5 elementor-widget-divider--view-line animation_type_block sc_fly_static elementor-widget elementor-widget-divider\" data-id=\"4e54c6b5\" data-element_type=\"widget\" data-e-type=\"widget\" data-widget_type=\"divider.default\">\n\t\t\t\t<div class=\"elementor-widget-container\">\n\t\t\t\t\t\t\t<div class=\"elementor-divider\">\n\t\t\t<span class=\"elementor-divider-separator\">\n\t\t\t\t\t\t<\/span>\n\t\t<\/div>\n\t\t\t\t\t\t<\/div>\n\t\t\t\t<\/div>\n\t\t\t\t\t<\/div>\n\t\t<\/div>\n\t\t\t\t\t<\/div>\n\t\t<\/section>\n\t\t\t\t<section class=\"elementor-section elementor-top-section elementor-element elementor-element-7fd6d9e7 elementor-section-boxed elementor-section-height-default elementor-section-height-default\" data-id=\"7fd6d9e7\" data-element_type=\"section\" data-e-type=\"section\">\n\t\t\t\t\t\t<div class=\"elementor-container elementor-column-gap-extended\">\n\t\t\t\t\t<div class=\"elementor-column elementor-col-50 elementor-top-column elementor-element elementor-element-5cd0a91c sc_inner_width_none sc_content_align_inherit sc_layouts_column_icons_position_left\" data-id=\"5cd0a91c\" data-element_type=\"column\" data-e-type=\"column\">\n\t\t\t<div class=\"elementor-widget-wrap elementor-element-populated\">\n\t\t\t\t\t\t<div class=\"elementor-element elementor-element-156a6cc elementor-icon-list--layout-traditional elementor-list-item-link-full_width animation_type_block sc_fly_static elementor-widget elementor-widget-icon-list\" data-id=\"156a6cc\" data-element_type=\"widget\" data-e-type=\"widget\" data-widget_type=\"icon-list.default\">\n\t\t\t\t<div class=\"elementor-widget-container\">\n\t\t\t\t\t\t\t<ul class=\"elementor-icon-list-items\">\n\t\t\t\t\t\t\t<li class=\"elementor-icon-list-item\">\n\t\t\t\t\t\t\t\t\t\t\t<a href=\"https:\/\/www.sovak.ch\/en\/artists\/selection-of-works\/graphic\/sovak-as-graphics\/\">\n\n\t\t\t\t\t\t\t\t\t\t\t\t<span class=\"elementor-icon-list-icon\">\n\t\t\t\t\t\t\t<i aria-hidden=\"true\" class=\"fas fa-chevron-right\"><\/i>\t\t\t\t\t\t<\/span>\n\t\t\t\t\t\t\t\t\t\t<span class=\"elementor-icon-list-text\"> Sovak as graphic designer<\/span>\n\t\t\t\t\t\t\t\t\t\t\t<\/a>\n\t\t\t\t\t\t\t\t\t<\/li>\n\t\t\t\t\t\t\t\t<li class=\"elementor-icon-list-item\">\n\t\t\t\t\t\t\t\t\t\t\t<a href=\"https:\/\/www.sovak.ch\/en\/portfolio\/museum-journal\/\">\n\n\t\t\t\t\t\t\t\t\t\t\t\t<span class=\"elementor-icon-list-icon\">\n\t\t\t\t\t\t\t<i aria-hidden=\"true\" class=\"fas fa-chevron-right\"><\/i>\t\t\t\t\t\t<\/span>\n\t\t\t\t\t\t\t\t\t\t<span class=\"elementor-icon-list-text\"> Museum Sheets<\/span>\n\t\t\t\t\t\t\t\t\t\t\t<\/a>\n\t\t\t\t\t\t\t\t\t<\/li>\n\t\t\t\t\t\t\t\t<li class=\"elementor-icon-list-item\">\n\t\t\t\t\t\t\t\t\t\t\t<a href=\"https:\/\/www.sovak.ch\/en\/artists\/selection-of-works\/graphic\/beauties\/\">\n\n\t\t\t\t\t\t\t\t\t\t\t\t<span class=\"elementor-icon-list-icon\">\n\t\t\t\t\t\t\t<i aria-hidden=\"true\" class=\"fas fa-chevron-right\"><\/i>\t\t\t\t\t\t<\/span>\n\t\t\t\t\t\t\t\t\t\t<span class=\"elementor-icon-list-text\"> \"Beauties\"<\/span>\n\t\t\t\t\t\t\t\t\t\t\t<\/a>\n\t\t\t\t\t\t\t\t\t<\/li>\n\t\t\t\t\t\t\t\t<li class=\"elementor-icon-list-item\">\n\t\t\t\t\t\t\t\t\t\t\t<a href=\"https:\/\/www.sovak.ch\/en\/artists\/selection-of-works\/graphic\/walls-and-big-walls\/\">\n\n\t\t\t\t\t\t\t\t\t\t\t\t<span class=\"elementor-icon-list-icon\">\n\t\t\t\t\t\t\t<i aria-hidden=\"true\" class=\"fas fa-chevron-right\"><\/i>\t\t\t\t\t\t<\/span>\n\t\t\t\t\t\t\t\t\t\t<span class=\"elementor-icon-list-text\"> \"Walls\" and \"Big Walls\"<\/span>\n\t\t\t\t\t\t\t\t\t\t\t<\/a>\n\t\t\t\t\t\t\t\t\t<\/li>\n\t\t\t\t\t\t<\/ul>\n\t\t\t\t\t\t<\/div>\n\t\t\t\t<\/div>\n\t\t\t\t\t<\/div>\n\t\t<\/div>\n\t\t\t\t<div class=\"elementor-column elementor-col-50 elementor-top-column elementor-element elementor-element-d2380fc sc_inner_width_none sc_content_align_inherit sc_layouts_column_icons_position_left\" data-id=\"d2380fc\" data-element_type=\"column\" data-e-type=\"column\">\n\t\t\t<div class=\"elementor-widget-wrap elementor-element-populated\">\n\t\t\t\t\t\t<div class=\"elementor-element elementor-element-0b82536 elementor-icon-list--layout-traditional elementor-list-item-link-full_width animation_type_block sc_fly_static elementor-widget elementor-widget-icon-list\" data-id=\"0b82536\" data-element_type=\"widget\" data-e-type=\"widget\" data-widget_type=\"icon-list.default\">\n\t\t\t\t<div class=\"elementor-widget-container\">\n\t\t\t\t\t\t\t<ul class=\"elementor-icon-list-items\">\n\t\t\t\t\t\t\t<li class=\"elementor-icon-list-item\">\n\t\t\t\t\t\t\t\t\t\t\t<a href=\"https:\/\/www.sovak.ch\/en\/artists\/selection-of-works\/graphic\/installations-imaginaires\/\">\n\n\t\t\t\t\t\t\t\t\t\t\t\t<span class=\"elementor-icon-list-icon\">\n\t\t\t\t\t\t\t<i aria-hidden=\"true\" class=\"fas fa-chevron-right\"><\/i>\t\t\t\t\t\t<\/span>\n\t\t\t\t\t\t\t\t\t\t<span class=\"elementor-icon-list-text\"> \"Installations Imaginaires\"<\/span>\n\t\t\t\t\t\t\t\t\t\t\t<\/a>\n\t\t\t\t\t\t\t\t\t<\/li>\n\t\t\t\t\t\t\t\t<li class=\"elementor-icon-list-item\">\n\t\t\t\t\t\t\t\t\t\t\t<a href=\"https:\/\/www.sovak.ch\/en\/artists\/selection-of-works\/graphic\/portfolio-work-graphic-diary\/\">\n\n\t\t\t\t\t\t\t\t\t\t\t\t<span class=\"elementor-icon-list-icon\">\n\t\t\t\t\t\t\t<i aria-hidden=\"true\" class=\"fas fa-chevron-right\"><\/i>\t\t\t\t\t\t<\/span>\n\t\t\t\t\t\t\t\t\t\t<span class=\"elementor-icon-list-text\"> Portfolio work \"Graphic diary<\/span>\n\t\t\t\t\t\t\t\t\t\t\t<\/a>\n\t\t\t\t\t\t\t\t\t<\/li>\n\t\t\t\t\t\t\t\t<li class=\"elementor-icon-list-item\">\n\t\t\t\t\t\t\t\t\t\t\t<a href=\"https:\/\/www.sovak.ch\/en\/artists\/selection-of-works\/graphic\/folder-indirect-messages\/\">\n\n\t\t\t\t\t\t\t\t\t\t\t\t<span class=\"elementor-icon-list-icon\">\n\t\t\t\t\t\t\t<i aria-hidden=\"true\" class=\"fas fa-chevron-right\"><\/i>\t\t\t\t\t\t<\/span>\n\t\t\t\t\t\t\t\t\t\t<span class=\"elementor-icon-list-text\"> Portfolio \"Indirect Messages<\/span>\n\t\t\t\t\t\t\t\t\t\t\t<\/a>\n\t\t\t\t\t\t\t\t\t<\/li>\n\t\t\t\t\t\t\t\t<li class=\"elementor-icon-list-item\">\n\t\t\t\t\t\t\t\t\t\t\t<a href=\"https:\/\/www.sovak.ch\/en\/artists\/selection-of-works\/graphic\/mappenwerk-you-are-too-frequent-to-heidelberg\/\">\n\n\t\t\t\t\t\t\t\t\t\t\t\t<span class=\"elementor-icon-list-icon\">\n\t\t\t\t\t\t\t<i aria-hidden=\"true\" class=\"fas fa-chevron-right\"><\/i>\t\t\t\t\t\t<\/span>\n\t\t\t\t\t\t\t\t\t\t<span class=\"elementor-icon-list-text\"> Portfolio \"You go to Heidelberg too often\"<\/span>\n\t\t\t\t\t\t\t\t\t\t\t<\/a>\n\t\t\t\t\t\t\t\t\t<\/li>\n\t\t\t\t\t\t<\/ul>\n\t\t\t\t\t\t<\/div>\n\t\t\t\t<\/div>\n\t\t\t\t\t<\/div>\n\t\t<\/div>\n\t\t\t\t\t<\/div>\n\t\t<\/section>\n\t\t\t\t<\/div>","protected":false},"excerpt":{"rendered":"<p>Grafik Sovak as graphic artist Museum sheets \"Beauties\" \"Walls\" and \"Big Walls\" \"Installations Imaginaires\" Portfolio \"Grafisches Tagebuch\" Portfolio \"Indirect Messages\" Portfolio \"Du f\u00e4hrst zu oft nach Heidelberg\"<\/p>","protected":false},"author":1,"featured_media":0,"parent":5456,"menu_order":1,"comment_status":"closed","ping_status":"closed","template":"","meta":{"_seopress_robots_primary_cat":"","_seopress_titles_title":"\u00dcbersichtsseite Grafik: Sovaks Grafiken und Mappenwerke","_seopress_titles_desc":"Sovak als Grafiker: Museumsbl\u00e4tter, Beauties, Walls und Big Walls, Mappenwerke. Die Kreativit\u00e4t des K\u00fcnstlers kennt keine Grenzen. Bilder k\u00f6nnen angefragt werden.","_seopress_robots_index":"","footnotes":""},"folder":[],"class_list":["post-6271","page","type-page","status-publish","hentry"],"_links":{"self":[{"href":"https:\/\/www.sovak.ch\/en\/wp-json\/wp\/v2\/pages\/6271","targetHints":{"allow":["GET"]}}],"collection":[{"href":"https:\/\/www.sovak.ch\/en\/wp-json\/wp\/v2\/pages"}],"about":[{"href":"https:\/\/www.sovak.ch\/en\/wp-json\/wp\/v2\/types\/page"}],"author":[{"embeddable":true,"href":"https:\/\/www.sovak.ch\/en\/wp-json\/wp\/v2\/users\/1"}],"replies":[{"embeddable":true,"href":"https:\/\/www.sovak.ch\/en\/wp-json\/wp\/v2\/comments?post=6271"}],"version-history":[{"count":5,"href":"https:\/\/www.sovak.ch\/en\/wp-json\/wp\/v2\/pages\/6271\/revisions"}],"predecessor-version":[{"id":8987,"href":"https:\/\/www.sovak.ch\/en\/wp-json\/wp\/v2\/pages\/6271\/revisions\/8987"}],"up":[{"embeddable":true,"href":"https:\/\/www.sovak.ch\/en\/wp-json\/wp\/v2\/pages\/5456"}],"wp:attachment":[{"href":"https:\/\/www.sovak.ch\/en\/wp-json\/wp\/v2\/media?parent=6271"}],"wp:term":[{"taxonomy":"folder","embeddable":true,"href":"https:\/\/www.sovak.ch\/en\/wp-json\/wp\/v2\/folder?post=6271"}],"curies":[{"name":"wp","href":"https:\/\/api.w.org\/{rel}","templated":true}]}}