{"id":9069,"date":"2023-05-01T13:53:17","date_gmt":"2023-05-01T12:53:17","guid":{"rendered":"https:\/\/www.sovak.ch\/kunstwerk-des-monats-copy\/"},"modified":"2023-12-07T15:25:21","modified_gmt":"2023-12-07T14:25:21","slug":"artwork-of-the-month-may-2023","status":"publish","type":"page","link":"https:\/\/www.sovak.ch\/en\/artwork-of-the-month-may-2023\/","title":{"rendered":"Les Grandes Baigneuses (C\u00e9zanne)"},"content":{"rendered":"<div data-elementor-type=\"wp-page\" data-elementor-id=\"9069\" class=\"elementor elementor-9069\" data-elementor-post-type=\"page\">\n\t\t\t\t\t\t<section class=\"elementor-section elementor-top-section elementor-element elementor-element-24828f19 elementor-section-boxed elementor-section-height-default elementor-section-height-default elementor-invisible\" data-id=\"24828f19\" data-element_type=\"section\" data-e-type=\"section\" data-settings=\"{&quot;animation&quot;:&quot;fadeIn&quot;,&quot;animation_delay&quot;:200}\">\n\t\t\t\t\t\t<div class=\"elementor-container elementor-column-gap-extended\">\n\t\t\t\t\t<div class=\"elementor-column elementor-col-100 elementor-top-column elementor-element elementor-element-a91cb48 sc_inner_width_none sc_content_align_inherit sc_layouts_column_icons_position_left\" data-id=\"a91cb48\" data-element_type=\"column\" data-e-type=\"column\">\n\t\t\t<div class=\"elementor-widget-wrap elementor-element-populated\">\n\t\t\t\t\t\t<div class=\"elementor-element elementor-element-17c30193 animation_type_block sc_fly_static elementor-widget elementor-widget-trx_sc_anchor\" data-id=\"17c30193\" data-element_type=\"widget\" data-e-type=\"widget\" data-widget_type=\"trx_sc_anchor.default\">\n\t\t\t\t<div class=\"elementor-widget-container\">\n\t\t\t\t\t<a id=\"sc_anchor_1\"\n\ttitle=\"\"  class=\"sc_anchor sc_anchor_default\" data-vc-icon=\"\" data-url=\"\"><\/a>\t\t\t\t<\/div>\n\t\t\t\t<\/div>\n\t\t\t\t<div class=\"elementor-element elementor-element-54034dfa animation_type_block sc_fly_static elementor-widget elementor-widget-heading\" data-id=\"54034dfa\" data-element_type=\"widget\" data-e-type=\"widget\" data-widget_type=\"heading.default\">\n\t\t\t\t<div class=\"elementor-widget-container\">\n\t\t\t\t\t<h1 class=\"elementor-heading-title elementor-size-default\">Les Grandes Baigneuses (C\u00e9zanne)<\/h1>\t\t\t\t<\/div>\n\t\t\t\t<\/div>\n\t\t\t\t<div class=\"elementor-element elementor-element-1c2659d9 elementor-widget-divider--view-line animation_type_block sc_fly_static elementor-widget elementor-widget-divider\" data-id=\"1c2659d9\" data-element_type=\"widget\" data-e-type=\"widget\" data-widget_type=\"divider.default\">\n\t\t\t\t<div class=\"elementor-widget-container\">\n\t\t\t\t\t\t\t<div class=\"elementor-divider\">\n\t\t\t<span class=\"elementor-divider-separator\">\n\t\t\t\t\t\t<\/span>\n\t\t<\/div>\n\t\t\t\t\t\t<\/div>\n\t\t\t\t<\/div>\n\t\t\t\t\t<\/div>\n\t\t<\/div>\n\t\t\t\t\t<\/div>\n\t\t<\/section>\n\t\t\t\t<section class=\"elementor-section elementor-top-section elementor-element elementor-element-6c612ae1 elementor-section-boxed elementor-section-height-default elementor-section-height-default elementor-invisible\" data-id=\"6c612ae1\" data-element_type=\"section\" data-e-type=\"section\" data-settings=\"{&quot;animation&quot;:&quot;fadeIn&quot;,&quot;animation_delay&quot;:400,&quot;background_background&quot;:&quot;classic&quot;}\">\n\t\t\t\t\t\t<div class=\"elementor-container elementor-column-gap-extended\">\n\t\t\t\t\t<div class=\"elementor-column elementor-col-50 elementor-top-column elementor-element elementor-element-52826a59 sc_inner_width_none sc_content_align_inherit sc_layouts_column_icons_position_left\" data-id=\"52826a59\" data-element_type=\"column\" data-e-type=\"column\">\n\t\t\t<div class=\"elementor-widget-wrap elementor-element-populated\">\n\t\t\t\t\t\t<div class=\"elementor-element elementor-element-7015c4d animation_type_block sc_fly_static elementor-widget elementor-widget-image\" data-id=\"7015c4d\" data-element_type=\"widget\" data-e-type=\"widget\" data-widget_type=\"image.default\">\n\t\t\t\t<div class=\"elementor-widget-container\">\n\t\t\t\t\t\t\t\t\t\t\t\t\t\t\t\t<a href=\"https:\/\/www.sovak.ch\/wp-content\/uploads\/2023\/01\/Cezanne-1977-Kat.-Nr.-214-e1675873588335.jpg\" data-elementor-open-lightbox=\"yes\" data-elementor-lightbox-title=\"Ce\u0301zanne, 1977, Kat. Nr. 214\" data-e-action-hash=\"#elementor-action%3Aaction%3Dlightbox%26settings%3DeyJpZCI6ODA2NywidXJsIjoiaHR0cHM6XC9cL3d3dy5zb3Zhay5jaFwvd3AtY29udGVudFwvdXBsb2Fkc1wvMjAyM1wvMDFcL0NlemFubmUtMTk3Ny1LYXQuLU5yLi0yMTQtZTE2NzU4NzM1ODgzMzUuanBnIn0%3D\">\n\t\t\t\t\t\t\t<img fetchpriority=\"high\" decoding=\"async\" width=\"930\" height=\"800\" src=\"https:\/\/www.sovak.ch\/wp-content\/uploads\/2023\/01\/Cezanne-1977-Kat.-Nr.-214-e1675873588335.jpg\" class=\"attachment-full size-full wp-image-8067\" alt=\"\" srcset=\"https:\/\/www.sovak.ch\/wp-content\/uploads\/2023\/01\/Cezanne-1977-Kat.-Nr.-214-e1675873588335.jpg 930w, https:\/\/www.sovak.ch\/wp-content\/uploads\/2023\/01\/Cezanne-1977-Kat.-Nr.-214-e1675873588335-600x516.jpg 600w, https:\/\/www.sovak.ch\/wp-content\/uploads\/2023\/01\/Cezanne-1977-Kat.-Nr.-214-e1675873588335-300x258.jpg 300w, https:\/\/www.sovak.ch\/wp-content\/uploads\/2023\/01\/Cezanne-1977-Kat.-Nr.-214-e1675873588335-768x661.jpg 768w, https:\/\/www.sovak.ch\/wp-content\/uploads\/2023\/01\/Cezanne-1977-Kat.-Nr.-214-e1675873588335-370x318.jpg 370w, https:\/\/www.sovak.ch\/wp-content\/uploads\/2023\/01\/Cezanne-1977-Kat.-Nr.-214-e1675873588335-770x662.jpg 770w\" sizes=\"(max-width: 930px) 100vw, 930px\" \/>\t\t\t\t\t\t\t\t<\/a>\n\t\t\t\t\t\t\t\t\t\t\t\t\t\t\t<\/div>\n\t\t\t\t<\/div>\n\t\t\t\t\t<\/div>\n\t\t<\/div>\n\t\t\t\t<div class=\"elementor-column elementor-col-50 elementor-top-column elementor-element elementor-element-5ac207ab sc_inner_width_none sc_content_align_inherit sc_layouts_column_icons_position_left\" data-id=\"5ac207ab\" data-element_type=\"column\" data-e-type=\"column\">\n\t\t\t<div class=\"elementor-widget-wrap elementor-element-populated\">\n\t\t\t\t\t\t<div class=\"elementor-element elementor-element-900bcc6 animation_type_block sc_fly_static elementor-widget elementor-widget-heading\" data-id=\"900bcc6\" data-element_type=\"widget\" data-e-type=\"widget\" data-widget_type=\"heading.default\">\n\t\t\t\t<div class=\"elementor-widget-container\">\n\t\t\t\t\t<h3 class=\"elementor-heading-title elementor-size-default\">Information<\/h3>\t\t\t\t<\/div>\n\t\t\t\t<\/div>\n\t\t\t\t<div class=\"elementor-element elementor-element-74538640 animation_type_block sc_fly_static elementor-widget elementor-widget-heading\" data-id=\"74538640\" data-element_type=\"widget\" data-e-type=\"widget\" data-widget_type=\"heading.default\">\n\t\t\t\t<div class=\"elementor-widget-container\">\n\t\t\t\t\t<h4 class=\"elementor-heading-title elementor-size-default\">Year: 1977<\/h4>\t\t\t\t<\/div>\n\t\t\t\t<\/div>\n\t\t\t\t<div class=\"elementor-element elementor-element-e04e7b3 animation_type_block sc_fly_static elementor-widget elementor-widget-heading\" data-id=\"e04e7b3\" data-element_type=\"widget\" data-e-type=\"widget\" data-widget_type=\"heading.default\">\n\t\t\t\t<div class=\"elementor-widget-container\">\n\t\t\t\t\t<h4 class=\"elementor-heading-title elementor-size-default\">Size: 33.8 x 38.4 cm<\/h4>\t\t\t\t<\/div>\n\t\t\t\t<\/div>\n\t\t\t\t<div class=\"elementor-element elementor-element-9a2b567 animation_type_block sc_fly_static elementor-widget elementor-widget-heading\" data-id=\"9a2b567\" data-element_type=\"widget\" data-e-type=\"widget\" data-widget_type=\"heading.default\">\n\t\t\t\t<div class=\"elementor-widget-container\">\n\t\t\t\t\t<h4 class=\"elementor-heading-title elementor-size-default\">Type: color etching, photogravure, aquatint, drypoint; watercolored<\/h4>\t\t\t\t<\/div>\n\t\t\t\t<\/div>\n\t\t\t\t\t<\/div>\n\t\t<\/div>\n\t\t\t\t\t<\/div>\n\t\t<\/section>\n\t\t\t\t<section class=\"elementor-section elementor-top-section elementor-element elementor-element-602288d elementor-section-boxed elementor-section-height-default elementor-section-height-default elementor-invisible\" data-id=\"602288d\" data-element_type=\"section\" data-e-type=\"section\" data-settings=\"{&quot;animation&quot;:&quot;fadeIn&quot;,&quot;animation_delay&quot;:400,&quot;background_background&quot;:&quot;classic&quot;}\">\n\t\t\t\t\t\t<div class=\"elementor-container elementor-column-gap-extended\">\n\t\t\t\t\t<div class=\"elementor-column elementor-col-100 elementor-top-column elementor-element elementor-element-2d22f7b sc_inner_width_none sc_content_align_inherit sc_layouts_column_icons_position_left\" data-id=\"2d22f7b\" data-element_type=\"column\" data-e-type=\"column\">\n\t\t\t<div class=\"elementor-widget-wrap elementor-element-populated\">\n\t\t\t\t\t\t<div class=\"elementor-element elementor-element-17dbb7c animation_type_block sc_fly_static elementor-widget elementor-widget-heading\" data-id=\"17dbb7c\" data-element_type=\"widget\" data-e-type=\"widget\" data-widget_type=\"heading.default\">\n\t\t\t\t<div class=\"elementor-widget-container\">\n\t\t\t\t\t<h3 class=\"elementor-heading-title elementor-size-default\">Impulse image<\/h3>\t\t\t\t<\/div>\n\t\t\t\t<\/div>\n\t\t\t\t<div class=\"elementor-element elementor-element-b3d0a0f animation_type_block sc_fly_static elementor-widget elementor-widget-text-editor\" data-id=\"b3d0a0f\" data-element_type=\"widget\" data-e-type=\"widget\" data-widget_type=\"text-editor.default\">\n\t\t\t\t<div class=\"elementor-widget-container\">\n\t\t\t\t\t\t\t\t\t<p>While mentally walking up a staircase with railings on both sides to a kind of gallery, the eye falls directly on a large, colorful painting in gold frame. It is \"Les Grandes Baigneuses\" (The Great Bathers) in the National Gallery in London, painted at the time by Paul C\u00e9zanne (1839-1906) between 1894 and 1905 - a theme with which the \"father of modernism\" grappled for over 30 years. The famous work, measuring 136 x 191 centimeters, with which the artist created a timeless, impulse-giving image, used to hang between other paintings by C\u00e9zanne, for example next to \"La Vieille au chapelet\" (Old Woman with Rosary) from 1895\/ 1896, which is barely recognizable on the right side.<\/p>\t\t\t\t\t\t\t\t<\/div>\n\t\t\t\t<\/div>\n\t\t\t\t\t<\/div>\n\t\t<\/div>\n\t\t\t\t\t<\/div>\n\t\t<\/section>\n\t\t\t\t<section class=\"elementor-section elementor-top-section elementor-element elementor-element-b2c15b0 elementor-section-boxed elementor-section-height-default elementor-section-height-default elementor-invisible\" data-id=\"b2c15b0\" data-element_type=\"section\" data-e-type=\"section\" data-settings=\"{&quot;animation&quot;:&quot;fadeIn&quot;,&quot;animation_delay&quot;:400,&quot;background_background&quot;:&quot;classic&quot;}\">\n\t\t\t\t\t\t<div class=\"elementor-container elementor-column-gap-extended\">\n\t\t\t\t\t<div class=\"elementor-column elementor-col-100 elementor-top-column elementor-element elementor-element-451197d sc_inner_width_none sc_content_align_inherit sc_layouts_column_icons_position_left\" data-id=\"451197d\" data-element_type=\"column\" data-e-type=\"column\">\n\t\t\t<div class=\"elementor-widget-wrap elementor-element-populated\">\n\t\t\t\t\t\t<div class=\"elementor-element elementor-element-ea4fce7 animation_type_block sc_fly_static elementor-widget elementor-widget-heading\" data-id=\"ea4fce7\" data-element_type=\"widget\" data-e-type=\"widget\" data-widget_type=\"heading.default\">\n\t\t\t\t<div class=\"elementor-widget-container\">\n\t\t\t\t\t<h3 class=\"elementor-heading-title elementor-size-default\">The original work<\/h3>\t\t\t\t<\/div>\n\t\t\t\t<\/div>\n\t\t\t\t<div class=\"elementor-element elementor-element-672adee animation_type_block sc_fly_static elementor-widget elementor-widget-text-editor\" data-id=\"672adee\" data-element_type=\"widget\" data-e-type=\"widget\" data-widget_type=\"text-editor.default\">\n\t\t\t\t<div class=\"elementor-widget-container\">\n\t\t\t\t\t\t\t\t\t<p>The original work of C\u00e9zanne, which Pravoslav Sovak slightly transformed integrated into his graphic:<\/p>\t\t\t\t\t\t\t\t<\/div>\n\t\t\t\t<\/div>\n\t\t\t\t\t<\/div>\n\t\t<\/div>\n\t\t\t\t\t<\/div>\n\t\t<\/section>\n\t\t\t\t<section class=\"elementor-section elementor-top-section elementor-element elementor-element-7d3f4e2 elementor-section-boxed elementor-section-height-default elementor-section-height-default elementor-invisible\" data-id=\"7d3f4e2\" data-element_type=\"section\" data-e-type=\"section\" data-settings=\"{&quot;animation&quot;:&quot;fadeIn&quot;,&quot;animation_delay&quot;:400,&quot;background_background&quot;:&quot;classic&quot;}\">\n\t\t\t\t\t\t<div class=\"elementor-container elementor-column-gap-extended\">\n\t\t\t\t\t<div class=\"elementor-column elementor-col-100 elementor-top-column elementor-element elementor-element-4104d59 sc_inner_width_none sc_content_align_inherit sc_layouts_column_icons_position_left\" data-id=\"4104d59\" data-element_type=\"column\" data-e-type=\"column\">\n\t\t\t<div class=\"elementor-widget-wrap elementor-element-populated\">\n\t\t\t\t\t\t<div class=\"elementor-element elementor-element-ac76192 animation_type_block sc_fly_static elementor-widget elementor-widget-image\" data-id=\"ac76192\" data-element_type=\"widget\" data-e-type=\"widget\" data-widget_type=\"image.default\">\n\t\t\t\t<div class=\"elementor-widget-container\">\n\t\t\t\t\t\t\t\t\t\t\t\t\t\t\t\t<a href=\"https:\/\/www.sovak.ch\/wp-content\/uploads\/2023\/05\/cezanne-2.jpg\" data-elementor-open-lightbox=\"yes\" data-elementor-lightbox-title=\"cezanne-2\" data-e-action-hash=\"#elementor-action%3Aaction%3Dlightbox%26settings%3DeyJpZCI6OTA1OSwidXJsIjoiaHR0cHM6XC9cL3d3dy5zb3Zhay5jaFwvd3AtY29udGVudFwvdXBsb2Fkc1wvMjAyM1wvMDVcL2NlemFubmUtMi5qcGcifQ%3D%3D\">\n\t\t\t\t\t\t\t<img decoding=\"async\" width=\"800\" height=\"542\" src=\"https:\/\/www.sovak.ch\/wp-content\/uploads\/2023\/05\/cezanne-2.jpg\" class=\"attachment-full size-full wp-image-9059\" alt=\"\" srcset=\"https:\/\/www.sovak.ch\/wp-content\/uploads\/2023\/05\/cezanne-2.jpg 800w, https:\/\/www.sovak.ch\/wp-content\/uploads\/2023\/05\/cezanne-2-300x203.jpg 300w, https:\/\/www.sovak.ch\/wp-content\/uploads\/2023\/05\/cezanne-2-768x520.jpg 768w, https:\/\/www.sovak.ch\/wp-content\/uploads\/2023\/05\/cezanne-2-18x12.jpg 18w, https:\/\/www.sovak.ch\/wp-content\/uploads\/2023\/05\/cezanne-2-370x251.jpg 370w, https:\/\/www.sovak.ch\/wp-content\/uploads\/2023\/05\/cezanne-2-770x522.jpg 770w, https:\/\/www.sovak.ch\/wp-content\/uploads\/2023\/05\/cezanne-2-600x407.jpg 600w\" sizes=\"(max-width: 800px) 100vw, 800px\" \/>\t\t\t\t\t\t\t\t<\/a>\n\t\t\t\t\t\t\t\t\t\t\t\t\t\t\t<\/div>\n\t\t\t\t<\/div>\n\t\t\t\t<div class=\"elementor-element elementor-element-644ca36 animation_type_block sc_fly_static elementor-widget elementor-widget-text-editor\" data-id=\"644ca36\" data-element_type=\"widget\" data-e-type=\"widget\" data-widget_type=\"text-editor.default\">\n\t\t\t\t<div class=\"elementor-widget-container\">\n\t\t\t\t\t\t\t\t\t<p>Paul C\u00e9zanne, Les Grandes Baigneuses, 1894-1905, <a href=\"https:\/\/www.nationalgallery.org.uk\/paintings\/paul-cezanne-bathers-les-grandes-baigneuses\">National Gallery London.<\/a><\/p>\t\t\t\t\t\t\t\t<\/div>\n\t\t\t\t<\/div>\n\t\t\t\t\t<\/div>\n\t\t<\/div>\n\t\t\t\t\t<\/div>\n\t\t<\/section>\n\t\t\t\t<section class=\"elementor-section elementor-top-section elementor-element elementor-element-566101e elementor-section-boxed elementor-section-height-default elementor-section-height-default elementor-invisible\" data-id=\"566101e\" data-element_type=\"section\" data-e-type=\"section\" data-settings=\"{&quot;animation&quot;:&quot;fadeIn&quot;,&quot;animation_delay&quot;:400,&quot;background_background&quot;:&quot;classic&quot;}\">\n\t\t\t\t\t\t<div class=\"elementor-container elementor-column-gap-extended\">\n\t\t\t\t\t<div class=\"elementor-column elementor-col-100 elementor-top-column elementor-element elementor-element-351a031 sc_inner_width_none sc_content_align_inherit sc_layouts_column_icons_position_left\" data-id=\"351a031\" data-element_type=\"column\" data-e-type=\"column\">\n\t\t\t<div class=\"elementor-widget-wrap elementor-element-populated\">\n\t\t\t\t\t\t<div class=\"elementor-element elementor-element-a52c41f animation_type_block sc_fly_static elementor-widget elementor-widget-heading\" data-id=\"a52c41f\" data-element_type=\"widget\" data-e-type=\"widget\" data-widget_type=\"heading.default\">\n\t\t\t\t<div class=\"elementor-widget-container\">\n\t\t\t\t\t<h3 class=\"elementor-heading-title elementor-size-default\">Two people<\/h3>\t\t\t\t<\/div>\n\t\t\t\t<\/div>\n\t\t\t\t<div class=\"elementor-element elementor-element-c820f2c animation_type_block sc_fly_static elementor-widget elementor-widget-text-editor\" data-id=\"c820f2c\" data-element_type=\"widget\" data-e-type=\"widget\" data-widget_type=\"text-editor.default\">\n\t\t\t\t<div class=\"elementor-widget-container\">\n\t\t\t\t\t\t\t\t\t<p>From this staircase perspective, two persons can be observed in Sovak's graphic: A darkly dressed, slender young woman in profile with her arm hanging down, standing at the right edge of the picture of the \"Bathers,\" who seems to be directing her gaze to the left toward a distant work, as well as a gentleman with a bald head and white beard in black clothing dominantly occupying the upper step of the staircase near the left metal balustrade, looking into the vis-\u00e0-vis section of the room while his hands clasp a raised knee. Museum visitor and visitor alike, who seem to merge with the floor and stairs and hardly stand out from the predominantly gray surroundings, appear frozen, lost in thought, looking into opposite halves of the room. Are they staffage figures, whose blurred, blurred or blurred-looking rendering draws all attention to the important \"Baigneuses\"?<\/p>\t\t\t\t\t\t\t\t<\/div>\n\t\t\t\t<\/div>\n\t\t\t\t\t<\/div>\n\t\t<\/div>\n\t\t\t\t\t<\/div>\n\t\t<\/section>\n\t\t\t\t<section class=\"elementor-section elementor-top-section elementor-element elementor-element-87e7419 elementor-section-boxed elementor-section-height-default elementor-section-height-default elementor-invisible\" data-id=\"87e7419\" data-element_type=\"section\" data-e-type=\"section\" data-settings=\"{&quot;animation&quot;:&quot;fadeIn&quot;,&quot;animation_delay&quot;:400,&quot;background_background&quot;:&quot;classic&quot;}\">\n\t\t\t\t\t\t<div class=\"elementor-container elementor-column-gap-extended\">\n\t\t\t\t\t<div class=\"elementor-column elementor-col-100 elementor-top-column elementor-element elementor-element-65de363 sc_inner_width_none sc_content_align_inherit sc_layouts_column_icons_position_left\" data-id=\"65de363\" data-element_type=\"column\" data-e-type=\"column\">\n\t\t\t<div class=\"elementor-widget-wrap elementor-element-populated\">\n\t\t\t\t\t\t<div class=\"elementor-element elementor-element-e10ff45 animation_type_block sc_fly_static elementor-widget elementor-widget-heading\" data-id=\"e10ff45\" data-element_type=\"widget\" data-e-type=\"widget\" data-widget_type=\"heading.default\">\n\t\t\t\t<div class=\"elementor-widget-container\">\n\t\t\t\t\t<h3 class=\"elementor-heading-title elementor-size-default\">Careful staging<\/h3>\t\t\t\t<\/div>\n\t\t\t\t<\/div>\n\t\t\t\t<div class=\"elementor-element elementor-element-ee7cb4e animation_type_block sc_fly_static elementor-widget elementor-widget-text-editor\" data-id=\"ee7cb4e\" data-element_type=\"widget\" data-e-type=\"widget\" data-widget_type=\"text-editor.default\">\n\t\t\t\t<div class=\"elementor-widget-container\">\n\t\t\t\t\t\t\t\t\t<p>The same perspective spreads out before our eyes that Pravoslav Sovak once saw before him when he photographed the situation in the National Gallery. In these so-called \"museum sheets,\" which he begins as a cycle around the mid-1970s, the artist devotes himself to exhibition or display rooms in major museums. Sovak regards these works as \"portraits of images\" (catalog Mannheim, PS 2016) and combines them with strikingly shadowy, blurred renderings of people who seem to have been photographed by the artist at random.<\/p><p>In reality, they conceal carefully prepared stagings, each arranged with friends and acquaintances after the museum closes. Through their locations, postures, and gestures, Sovak carefully assigns them to the artworks in terms of content and composition. Nothing is left to chance. Neither the various triangular lines, which characterize C\u00e9zanne's stepped, tension-laden picture composition and are consciously taken up and continued in C\u00e9zanne's style by Sovak in (imaginary) horizontals, verticals and diagonals (between the persons, between railing and picture or woman and railing, etc.). Nor the fine black frame around the entire graphic, which acts like a view through a window between reality and the picture plane. Or the striking physiognomic resemblance of the seated old man to \"Master C\u00e9zanne,\" as comparisons with the latter's self-portraits from the 1890s or a 1904 photograph in C\u00e9zanne's studio show. Pravoslav Sovak, whose admiration of old masters as well as representatives of Classical Modernism is expressed in numerous \"museum sheets\", creates wonderful graphics of \"cultural spaces of mankind\" on the basis of the arranged photographs, which reflect his technical mastery as well as his diverse and rich knowledge of art history - as homage and commentary at the same time united in one work.<\/p>\t\t\t\t\t\t\t\t<\/div>\n\t\t\t\t<\/div>\n\t\t\t\t\t<\/div>\n\t\t<\/div>\n\t\t\t\t\t<\/div>\n\t\t<\/section>\n\t\t\t\t<\/div>","protected":false},"excerpt":{"rendered":"<p>&nbsp; Les Grandes Baigneuses (C\u00e9zanne) Information Year: 1977 Size: 33.8 x 38.4 cm Type: Color etching, photogravure, aquatint, drypoint; watercolor Impulsive image While mentally walking up a staircase with railings on both sides to a kind of gallery, the eye falls directly on a large, colored picture in a gold frame....<\/p>","protected":false},"author":1,"featured_media":0,"parent":0,"menu_order":0,"comment_status":"closed","ping_status":"closed","template":"","meta":{"_seopress_robots_primary_cat":"","_seopress_titles_title":"Bildbetrachtung Pravoslav Sovak: Les Grandes Baigneuses (C\u00e9zanne)","_seopress_titles_desc":"Wir stellen regelm\u00e4ssig ein Werk von Pravoslav Sovak vor. Nehmen Sie sich Zeit f\u00fcr eine Betrachtung und lernen Sie seine Kunst kennen.","_seopress_robots_index":"","_seopress_analysis_target_kw":"","footnotes":""},"folder":[],"class_list":["post-9069","page","type-page","status-publish","hentry"],"_links":{"self":[{"href":"https:\/\/www.sovak.ch\/en\/wp-json\/wp\/v2\/pages\/9069","targetHints":{"allow":["GET"]}}],"collection":[{"href":"https:\/\/www.sovak.ch\/en\/wp-json\/wp\/v2\/pages"}],"about":[{"href":"https:\/\/www.sovak.ch\/en\/wp-json\/wp\/v2\/types\/page"}],"author":[{"embeddable":true,"href":"https:\/\/www.sovak.ch\/en\/wp-json\/wp\/v2\/users\/1"}],"replies":[{"embeddable":true,"href":"https:\/\/www.sovak.ch\/en\/wp-json\/wp\/v2\/comments?post=9069"}],"version-history":[{"count":5,"href":"https:\/\/www.sovak.ch\/en\/wp-json\/wp\/v2\/pages\/9069\/revisions"}],"predecessor-version":[{"id":9204,"href":"https:\/\/www.sovak.ch\/en\/wp-json\/wp\/v2\/pages\/9069\/revisions\/9204"}],"wp:attachment":[{"href":"https:\/\/www.sovak.ch\/en\/wp-json\/wp\/v2\/media?parent=9069"}],"wp:term":[{"taxonomy":"folder","embeddable":true,"href":"https:\/\/www.sovak.ch\/en\/wp-json\/wp\/v2\/folder?post=9069"}],"curies":[{"name":"wp","href":"https:\/\/api.w.org\/{rel}","templated":true}]}}