{"id":8665,"date":"2023-02-08T10:29:51","date_gmt":"2023-02-08T10:29:51","guid":{"rendered":"https:\/\/sovak.aretis-staging.ch\/?post_type=product&#038;p=8665"},"modified":"2023-02-24T11:18:43","modified_gmt":"2023-02-24T11:18:43","slug":"pravoslav-sovak-works-on-paper","status":"publish","type":"product","link":"https:\/\/www.sovak.ch\/en\/product\/pravoslav-sovak-works-on-paper\/","title":{"rendered":"Pravoslav Sov\u00e1k, Works on paper."},"content":{"rendered":"<p>with texts by Helmut Hei\u00dfenb\u00fcttel, 2 vols, Stuttgart 1981. <\/p>","protected":false},"excerpt":{"rendered":"<p>with texts by Helmut Hei\u00dfenb\u00fcttel, 2 vols, Stuttgart 1981. <\/p>","protected":false},"featured_media":8706,"template":"","meta":{"_seopress_robots_primary_cat":"none","_seopress_titles_title":"","_seopress_titles_desc":"","_seopress_robots_index":""},"product_brand":[],"product_cat":[133],"product_tag":[135],"class_list":{"0":"post-8665","1":"product","2":"type-product","3":"status-publish","4":"has-post-thumbnail","6":"product_cat-buecher","7":"product_tag-buecher","8":"product_shipping_class-buecher-m","10":"first","11":"instock","12":"purchasable","13":"product-type-simple"},"_links":{"self":[{"href":"https:\/\/www.sovak.ch\/en\/wp-json\/wp\/v2\/product\/8665","targetHints":{"allow":["GET"]}}],"collection":[{"href":"https:\/\/www.sovak.ch\/en\/wp-json\/wp\/v2\/product"}],"about":[{"href":"https:\/\/www.sovak.ch\/en\/wp-json\/wp\/v2\/types\/product"}],"version-history":[{"count":1,"href":"https:\/\/www.sovak.ch\/en\/wp-json\/wp\/v2\/product\/8665\/revisions"}],"predecessor-version":[{"id":8669,"href":"https:\/\/www.sovak.ch\/en\/wp-json\/wp\/v2\/product\/8665\/revisions\/8669"}],"wp:featuredmedia":[{"embeddable":true,"href":"https:\/\/www.sovak.ch\/en\/wp-json\/wp\/v2\/media\/8706"}],"wp:attachment":[{"href":"https:\/\/www.sovak.ch\/en\/wp-json\/wp\/v2\/media?parent=8665"}],"wp:term":[{"taxonomy":"product_brand","embeddable":true,"href":"https:\/\/www.sovak.ch\/en\/wp-json\/wp\/v2\/product_brand?post=8665"},{"taxonomy":"product_cat","embeddable":true,"href":"https:\/\/www.sovak.ch\/en\/wp-json\/wp\/v2\/product_cat?post=8665"},{"taxonomy":"product_tag","embeddable":true,"href":"https:\/\/www.sovak.ch\/en\/wp-json\/wp\/v2\/product_tag?post=8665"}],"curies":[{"name":"wp","href":"https:\/\/api.w.org\/{rel}","templated":true}]}}